{"id":72,"date":"2020-08-10T09:00:59","date_gmt":"2020-08-10T12:00:59","guid":{"rendered":"https:\/\/rilem.com.br\/?page_id=72"},"modified":"2023-03-08T16:58:03","modified_gmt":"2023-03-08T19:58:03","slug":"requerimentos","status":"publish","type":"page","link":"https:\/\/rilem.com.br\/?page_id=72","title":{"rendered":"Requerimentos"},"content":{"rendered":"<div class=\"fusion-fullwidth fullwidth-box fusion-builder-row-1 fusion-flex-container nonhundred-percent-fullwidth non-hundred-percent-height-scrolling\" style=\"background-color: rgba(255,255,255,0);background-position: center center;background-repeat: no-repeat;border-width: 0px 0px 0px 0px;border-color:#e2e2e2;border-style:solid;\" ><div class=\"fusion-builder-row fusion-row fusion-flex-align-items-flex-start\" style=\"max-width:1248px;margin-left: calc(-4% \/ 2 );margin-right: calc(-4% \/ 2 );\"><div class=\"fusion-layout-column fusion_builder_column fusion-builder-column-0 fusion_builder_column_1_1 1_1 fusion-flex-column\"><div class=\"fusion-column-wrapper fusion-flex-justify-content-flex-start fusion-content-layout-column\" style=\"background-position:left top;background-repeat:no-repeat;-webkit-background-size:cover;-moz-background-size:cover;-o-background-size:cover;background-size:cover;padding: 0px 0px 0px 0px;\"><ul class=\"fusion-checklist fusion-checklist-1\" style=\"font-size:16px;line-height:27.2px;\"><li style=\"background-color:rgba(255,255,255,0);\" class=\"fusion-li-item\"><span style=\"background-color:#65bc7b;font-size:14.08px;height:27.2px;width:27.2px;margin-right:11.2px;\" class=\"icon-wrapper circle-yes\"><i class=\"fusion-li-icon fa-download fas\" style=\"color:#ffffff;\" aria-hidden=\"true\"><\/i><\/span><div class=\"fusion-li-item-content\" style=\"margin-left:38.4px;color:#4a4e57;\">\n<p><a href=\"https:\/\/rilem.com.br\/wp-content\/uploads\/2020\/08\/1.-ABERTURA-DE-MATR\u00cdCULA.odt\">1. ABERTURA DE MATR\u00cdCULA<\/a><\/p>\n<\/div><\/li><li style=\"background-color:rgba(255,255,255,0);\" class=\"fusion-li-item\"><span style=\"background-color:#65bc7b;font-size:14.08px;height:27.2px;width:27.2px;margin-right:11.2px;\" class=\"icon-wrapper circle-yes\"><i class=\"fusion-li-icon fa-download fas\" style=\"color:#ffffff;\" aria-hidden=\"true\"><\/i><\/span><div class=\"fusion-li-item-content\" style=\"margin-left:38.4px;color:#4a4e57;\">\n<p><a href=\"https:\/\/rilem.com.br\/wp-content\/uploads\/2020\/08\/2.-DECLARA\u00c7\u00c3O-DE-PRIMEIRA-AQUISI\u00c7\u00c3O-DE-IM\u00d3VEL-RESIDENCIAL.odt\">2. DECLARA\u00c7\u00c3O DE PRIMEIRA AQUISI\u00c7\u00c3O DE IM\u00d3VEL RESIDENCIAL<\/a><\/p>\n<\/div><\/li><li style=\"background-color:rgba(255,255,255,0);\" class=\"fusion-li-item\"><span style=\"background-color:#65bc7b;font-size:14.08px;height:27.2px;width:27.2px;margin-right:11.2px;\" class=\"icon-wrapper circle-yes\"><i class=\"fusion-li-icon fa-download fas\" style=\"color:#ffffff;\" aria-hidden=\"true\"><\/i><\/span><div class=\"fusion-li-item-content\" style=\"margin-left:38.4px;color:#4a4e57;\">\n<p><a href=\"https:\/\/rilem.com.br\/wp-content\/uploads\/2020\/08\/3.-ALTERA\u00c7\u00c3O-DE-DENOMINA\u00c7\u00c3O-DE-LOGRADOURO-P\u00daBLICO.odt\">3. ALTERA\u00c7\u00c3O DE DENOMINA\u00c7\u00c3O DE LOGRADOURO P\u00daBLICO<\/a><\/p>\n<\/div><\/li><li style=\"background-color:rgba(255,255,255,0);\" class=\"fusion-li-item\"><span style=\"background-color:#65bc7b;font-size:14.08px;height:27.2px;width:27.2px;margin-right:11.2px;\" class=\"icon-wrapper circle-yes\"><i class=\"fusion-li-icon fa-download fas\" style=\"color:#ffffff;\" aria-hidden=\"true\"><\/i><\/span><div class=\"fusion-li-item-content\" style=\"margin-left:38.4px;color:#4a4e57;\">\n<p><a href=\"https:\/\/rilem.com.br\/wp-content\/uploads\/2020\/08\/4.-AVERBA\u00c7\u00c3O-DE-CASAMENTO.odt\">4. AVERBA\u00c7\u00c3O DE CASAMENTO<\/a><\/p>\n<\/div><\/li><li style=\"background-color:rgba(255,255,255,0);\" class=\"fusion-li-item\"><span style=\"background-color:#65bc7b;font-size:14.08px;height:27.2px;width:27.2px;margin-right:11.2px;\" class=\"icon-wrapper circle-yes\"><i class=\"fusion-li-icon fa-download fas\" style=\"color:#ffffff;\" aria-hidden=\"true\"><\/i><\/span><div class=\"fusion-li-item-content\" style=\"margin-left:38.4px;color:#4a4e57;\">\n<p><a href=\"https:\/\/rilem.com.br\/wp-content\/uploads\/2020\/08\/5.-AVERBA\u00c7\u00c3O-DE-CONSTRU\u00c7\u00c3O-REFORMA-E-AMPLIA\u00c7\u00c3O.odt\">5. AVERBA\u00c7\u00c3O DE CONSTRU\u00c7\u00c3O, REFORMA E AMPLIA\u00c7\u00c3O<\/a><\/p>\n<\/div><\/li><li style=\"background-color:rgba(255,255,255,0);\" class=\"fusion-li-item\"><span style=\"background-color:#65bc7b;font-size:14.08px;height:27.2px;width:27.2px;margin-right:11.2px;\" class=\"icon-wrapper circle-yes\"><i class=\"fusion-li-icon fa-download fas\" style=\"color:#ffffff;\" aria-hidden=\"true\"><\/i><\/span><div class=\"fusion-li-item-content\" style=\"margin-left:38.4px;color:#4a4e57;\">\n<p><a href=\"https:\/\/rilem.com.br\/wp-content\/uploads\/2020\/08\/6.-AVERBA\u00c7\u00c3O-DE-DIV\u00d3RCIO.odt\">6. AVERBA\u00c7\u00c3O DE DIV\u00d3RCIO<\/a><\/p>\n<\/div><\/li><li style=\"background-color:rgba(255,255,255,0);\" class=\"fusion-li-item\"><span style=\"background-color:#65bc7b;font-size:14.08px;height:27.2px;width:27.2px;margin-right:11.2px;\" class=\"icon-wrapper circle-yes\"><i class=\"fusion-li-icon fa-download fas\" style=\"color:#ffffff;\" aria-hidden=\"true\"><\/i><\/span><div class=\"fusion-li-item-content\" style=\"margin-left:38.4px;color:#4a4e57;\">\n<p><a href=\"https:\/\/rilem.com.br\/wp-content\/uploads\/2020\/08\/7.-AVERBA\u00c7\u00c3O-DE-UNI\u00c3O-EST\u00c1VEL.odt\">7. AVERBA\u00c7\u00c3O DE UNI\u00c3O EST\u00c1VEL<\/a><\/p>\n<\/div><\/li><li style=\"background-color:rgba(255,255,255,0);\" class=\"fusion-li-item\"><span style=\"background-color:#65bc7b;font-size:14.08px;height:27.2px;width:27.2px;margin-right:11.2px;\" class=\"icon-wrapper circle-yes\"><i class=\"fusion-li-icon fa-download fas\" style=\"color:#ffffff;\" aria-hidden=\"true\"><\/i><\/span><div class=\"fusion-li-item-content\" style=\"margin-left:38.4px;color:#4a4e57;\">\n<p><a href=\"https:\/\/rilem.com.br\/wp-content\/uploads\/2020\/08\/8.-EXAME-E-C\u00c1LCULO.odt\">8. EXAME E C\u00c1LCULO<\/a><\/p>\n<\/div><\/li><li style=\"background-color:rgba(255,255,255,0);\" class=\"fusion-li-item\"><span style=\"background-color:#65bc7b;font-size:14.08px;height:27.2px;width:27.2px;margin-right:11.2px;\" class=\"icon-wrapper circle-yes\"><i class=\"fusion-li-icon fa-download fas\" style=\"color:#ffffff;\" aria-hidden=\"true\"><\/i><\/span><div class=\"fusion-li-item-content\" style=\"margin-left:38.4px;color:#4a4e57;\">\n<p><a href=\"https:\/\/rilem.com.br\/wp-content\/uploads\/2020\/08\/9.-REQUERIMENTO-DE-UNIFICA\u00c7\u00c3O.odt\">9. REQUERIMENTO DE UNIFICA\u00c7\u00c3O<\/a><\/p>\n<\/div><\/li><li style=\"background-color:rgba(255,255,255,0);\" class=\"fusion-li-item\"><span style=\"background-color:#65bc7b;font-size:14.08px;height:27.2px;width:27.2px;margin-right:11.2px;\" class=\"icon-wrapper circle-yes\"><i class=\"fusion-li-icon fa-download fas\" style=\"color:#ffffff;\" aria-hidden=\"true\"><\/i><\/span><div class=\"fusion-li-item-content\" style=\"margin-left:38.4px;color:#4a4e57;\">\n<p><a href=\"https:\/\/rilem.com.br\/wp-content\/uploads\/2020\/08\/10.-REQUERIMENTO-DE-DESMEBRAMENTO.odt\">10. REQUERIMENTO DE DESMEBRAMENTO<\/a><\/p>\n<\/div><\/li><li style=\"background-color:rgba(255,255,255,0);\" class=\"fusion-li-item\"><span style=\"background-color:#65bc7b;font-size:14.08px;height:27.2px;width:27.2px;margin-right:11.2px;\" class=\"icon-wrapper circle-yes\"><i class=\"fusion-li-icon fa-download fas\" style=\"color:#ffffff;\" aria-hidden=\"true\"><\/i><\/span><div class=\"fusion-li-item-content\" style=\"margin-left:38.4px;color:#4a4e57;\">\n<p><a href=\"https:\/\/rilem.com.br\/wp-content\/uploads\/2020\/08\/11.-REQUERIMENTO-CONVEN\u00c7\u00c3O-DE-CONDOM\u00cdNIO.odt\">11. REQUERIMENTO CONVEN\u00c7\u00c3O DE CONDOM\u00cdNIO<\/a><\/p>\n<\/div><\/li><li style=\"background-color:rgba(255,255,255,0);\" class=\"fusion-li-item\"><span style=\"background-color:#65bc7b;font-size:14.08px;height:27.2px;width:27.2px;margin-right:11.2px;\" class=\"icon-wrapper circle-yes\"><i class=\"fusion-li-icon fa-download fas\" style=\"color:#ffffff;\" aria-hidden=\"true\"><\/i><\/span><div class=\"fusion-li-item-content\" style=\"margin-left:38.4px;color:#4a4e57;\">\n<p><a href=\"https:\/\/rilem.com.br\/wp-content\/uploads\/2020\/08\/12.-REQUERIMENTO-DE-INSTITUI\u00c7\u00c3O-DE-CONDOM\u00cdNIO-PRECEDIDA-DE-INCORPORA\u00c7\u00c3O-IMOBILI\u00c1RIA.odt\">12. REQUERIMENTO DE INSTITUI\u00c7\u00c3O DE CONDOM\u00cdNIO PRECEDIDA DE INCORPORA\u00c7\u00c3O IMOBILI\u00c1RIA<\/a><\/p>\n<\/div><\/li><li style=\"background-color:rgba(255,255,255,0);\" class=\"fusion-li-item\"><span style=\"background-color:#65bc7b;font-size:14.08px;height:27.2px;width:27.2px;margin-right:11.2px;\" class=\"icon-wrapper circle-yes\"><i class=\"fusion-li-icon fa-download fas\" style=\"color:#ffffff;\" aria-hidden=\"true\"><\/i><\/span><div class=\"fusion-li-item-content\" style=\"margin-left:38.4px;color:#4a4e57;\">\n<p><a href=\"https:\/\/rilem.com.br\/wp-content\/uploads\/2020\/08\/13.-REQUERIMENTO-DE-INSTITUI\u00c7\u00c3O-DE-CONDOM\u00cdNIO-N\u00c3O-PRECEDIDA-DE-INCORPORA\u00c7\u00c3O-IMOBILI\u00c1RIA.odt\">13. REQUERIMENTO DE INSTITUI\u00c7\u00c3O DE CONDOM\u00cdNIO N\u00c3O PRECEDIDA DE INCORPORA\u00c7\u00c3O IMOBILI\u00c1RIA<\/a><\/p>\n<\/div><\/li><li style=\"background-color:rgba(255,255,255,0);\" class=\"fusion-li-item\"><span style=\"background-color:#65bc7b;font-size:14.08px;height:27.2px;width:27.2px;margin-right:11.2px;\" class=\"icon-wrapper circle-yes\"><i class=\"fusion-li-icon fa-download fas\" style=\"color:#ffffff;\" aria-hidden=\"true\"><\/i><\/span><div class=\"fusion-li-item-content\" style=\"margin-left:38.4px;color:#4a4e57;\">\n<p><a href=\"https:\/\/rilem.com.br\/wp-content\/uploads\/2020\/08\/14.-AVERBA\u00c7\u00c3O-DE-INSCRI\u00c7\u00c3O-IMOBILI\u00c1RIA.odt\">14. AVERBA\u00c7\u00c3O DE INSCRI\u00c7\u00c3O IMOBILI\u00c1RIA<\/a><\/p>\n<\/div><\/li><li style=\"background-color:rgba(255,255,255,0);\" class=\"fusion-li-item\"><span style=\"background-color:#65bc7b;font-size:14.08px;height:27.2px;width:27.2px;margin-right:11.2px;\" class=\"icon-wrapper circle-yes\"><i class=\"fusion-li-icon fa-download fas\" style=\"color:#ffffff;\" aria-hidden=\"true\"><\/i><\/span><div class=\"fusion-li-item-content\" style=\"margin-left:38.4px;color:#4a4e57;\">\n<p><a href=\"https:\/\/rilem.com.br\/wp-content\/uploads\/2020\/08\/15.-REGISTRO-DE-PACTOS-ANTENUPCIAIS.odt\">15. REGISTRO DE PACTOS ANTENUPCIAIS<\/a><\/p>\n<\/div><\/li><li style=\"background-color:rgba(255,255,255,0);\" class=\"fusion-li-item\"><span style=\"background-color:#65bc7b;font-size:14.08px;height:27.2px;width:27.2px;margin-right:11.2px;\" class=\"icon-wrapper circle-yes\"><i class=\"fusion-li-icon fa-download fas\" style=\"color:#ffffff;\" aria-hidden=\"true\"><\/i><\/span><div class=\"fusion-li-item-content\" style=\"margin-left:38.4px;color:#4a4e57;\">\n<p><a href=\"https:\/\/rilem.com.br\/wp-content\/uploads\/2020\/08\/22.-CANCELAMENTO-DE-USUFRUTO.odt\">16. CANCELAMENTO DE USUFRUTO<\/a><\/p>\n<\/div><\/li><li style=\"background-color:rgba(255,255,255,0);\" class=\"fusion-li-item\"><span style=\"background-color:#65bc7b;font-size:14.08px;height:27.2px;width:27.2px;margin-right:11.2px;\" class=\"icon-wrapper circle-yes\"><i class=\"fusion-li-icon fa-download fas\" style=\"color:#ffffff;\" aria-hidden=\"true\"><\/i><\/span><div class=\"fusion-li-item-content\" style=\"margin-left:38.4px;color:#4a4e57;\">\n<p><a href=\"https:\/\/rilem.com.br\/wp-content\/uploads\/2020\/09\/17.-REGISTRO-DE-C\u00c9DULA-DE-CR\u00c9DITO-RURAL-INSDUSTRIAL-EXPORTA\u00c7\u00c3O-OU-PRODUTO-RURAL..odt\">17. REGISTRO DE C\u00c9DULA DE CR\u00c9DITO RURAL, INSDUSTRIAL, EXPORTA\u00c7\u00c3O OU PRODUTO RURAL).<\/a><\/p>\n<\/div><\/li><li style=\"background-color:rgba(255,255,255,0);\" class=\"fusion-li-item\"><span style=\"background-color:#65bc7b;font-size:14.08px;height:27.2px;width:27.2px;margin-right:11.2px;\" class=\"icon-wrapper circle-yes\"><i class=\"fusion-li-icon fa-download fas\" style=\"color:#ffffff;\" aria-hidden=\"true\"><\/i><\/span><div class=\"fusion-li-item-content\" style=\"margin-left:38.4px;color:#4a4e57;\">\n<p><a href=\"https:\/\/rilem.com.br\/wp-content\/uploads\/2020\/09\/18.-REQUERIMENTO-DE-URG\u00caNCIA.odt\">18. REQUERIMENTO DE URG\u00caNCIA<\/a><\/p>\n<\/div><\/li><li style=\"background-color:rgba(255,255,255,0);\" class=\"fusion-li-item\"><span style=\"background-color:#65bc7b;font-size:14.08px;height:27.2px;width:27.2px;margin-right:11.2px;\" class=\"icon-wrapper circle-yes\"><i class=\"fusion-li-icon fa-download fas\" style=\"color:#ffffff;\" aria-hidden=\"true\"><\/i><\/span><div class=\"fusion-li-item-content\" style=\"margin-left:38.4px;color:#4a4e57;\">\n<p><a href=\"https:\/\/rilem.com.br\/wp-content\/uploads\/2020\/08\/19.-AVERBA\u00c7\u00c3O-DE-ALTERA\u00c7\u00c3O-DE-\u00c1REA-CONSTRU\u00cdDA.odt\">19. AVERBA\u00c7\u00c3O DE ALTERA\u00c7\u00c3O DE \u00c1REA CONSTRU\u00cdDA<\/a><\/p>\n<\/div><\/li><li style=\"background-color:rgba(255,255,255,0);\" class=\"fusion-li-item\"><span style=\"background-color:#65bc7b;font-size:14.08px;height:27.2px;width:27.2px;margin-right:11.2px;\" class=\"icon-wrapper circle-yes\"><i class=\"fusion-li-icon fa-download fas\" style=\"color:#ffffff;\" aria-hidden=\"true\"><\/i><\/span><div class=\"fusion-li-item-content\" style=\"margin-left:38.4px;color:#4a4e57;\">\n<p><a href=\"https:\/\/rilem.com.br\/wp-content\/uploads\/2020\/08\/20.-REQUERIMENTO-DE-SUSCITA\u00c7\u00c3O-DE-D\u00daVIDAS.odt\">20. REQUERIMENTO DE SUSCITA\u00c7\u00c3O DE D\u00daVIDAS<\/a><\/p>\n<\/div><\/li><li style=\"background-color:rgba(255,255,255,0);\" class=\"fusion-li-item\"><span style=\"background-color:#65bc7b;font-size:14.08px;height:27.2px;width:27.2px;margin-right:11.2px;\" class=\"icon-wrapper circle-yes\"><i class=\"fusion-li-icon fa-download fas\" style=\"color:#ffffff;\" aria-hidden=\"true\"><\/i><\/span><div class=\"fusion-li-item-content\" style=\"margin-left:38.4px;color:#4a4e57;\">\n<p><a href=\"https:\/\/rilem.com.br\/wp-content\/uploads\/2020\/08\/21.-OUTRAS-AVERBA\u00c7\u00d5ES.odt\">21. OUTRAS AVERBA\u00c7\u00d5ES<\/a><\/p>\n<\/div><\/li><li style=\"background-color:rgba(255,255,255,0);\" class=\"fusion-li-item\"><span style=\"background-color:#65bc7b;font-size:14.08px;height:27.2px;width:27.2px;margin-right:11.2px;\" class=\"icon-wrapper circle-yes\"><i class=\"fusion-li-icon fa-download fas\" style=\"color:#ffffff;\" aria-hidden=\"true\"><\/i><\/span><div class=\"fusion-li-item-content\" style=\"margin-left:38.4px;color:#4a4e57;\">\n<p><a href=\"https:\/\/rilem.com.br\/wp-content\/uploads\/2020\/08\/22.-AVERBA\u00c7\u00c3O-DE-A\u00c7\u00c3O-DE-EXECU\u00c7\u00c3O.odt\">22. AVERBA\u00c7\u00c3O DE A\u00c7\u00c3O DE EXECU\u00c7\u00c3O<\/a><\/p>\n<\/div><\/li><li style=\"background-color:rgba(255,255,255,0);\" class=\"fusion-li-item\"><span style=\"background-color:#65bc7b;font-size:14.08px;height:27.2px;width:27.2px;margin-right:11.2px;\" class=\"icon-wrapper circle-yes\"><i class=\"fusion-li-icon fa-download fas\" style=\"color:#ffffff;\" aria-hidden=\"true\"><\/i><\/span><div class=\"fusion-li-item-content\" style=\"margin-left:38.4px;color:#4a4e57;\">\n<p><a href=\"https:\/\/rilem.com.br\/wp-content\/uploads\/2020\/08\/23.-AVERBA\u00c7\u00c3O-DE-\u00d3BITO.odt\">23. AVERBA\u00c7\u00c3O DE \u00d3BITO<\/a><\/p>\n<\/div><\/li><li style=\"background-color:rgba(255,255,255,0);\" class=\"fusion-li-item\"><span style=\"background-color:#65bc7b;font-size:14.08px;height:27.2px;width:27.2px;margin-right:11.2px;\" class=\"icon-wrapper circle-yes\"><i class=\"fusion-li-icon fa-download fas\" style=\"color:#ffffff;\" aria-hidden=\"true\"><\/i><\/span><div class=\"fusion-li-item-content\" style=\"margin-left:38.4px;color:#4a4e57;\">\n<p><a href=\"https:\/\/rilem.com.br\/wp-content\/uploads\/2020\/08\/24.-RETIFICA\u00c7\u00c3O-DE-QUALIFICA\u00c7\u00c3O.odt\">24. RETIFICA\u00c7\u00c3O DE QUALIFICA\u00c7\u00c3O<\/a><\/p>\n<\/div><\/li><li style=\"background-color:rgba(255,255,255,0);\" class=\"fusion-li-item\"><span style=\"background-color:#65bc7b;font-size:14.08px;height:27.2px;width:27.2px;margin-right:11.2px;\" class=\"icon-wrapper circle-yes\"><i class=\"fusion-li-icon fa-download fas\" style=\"color:#ffffff;\" aria-hidden=\"true\"><\/i><\/span><div class=\"fusion-li-item-content\" style=\"margin-left:38.4px;color:#4a4e57;\">\n<p><a href=\"https:\/\/rilem.com.br\/wp-content\/uploads\/2020\/08\/25.-ALTERA\u00c7\u00c3O-DA-DENOMINA\u00c7\u00c3O-DOS-LIMITES-E-CONFRONTA\u00c7\u00d5ES.odt\">25. ALTERA\u00c7\u00c3O DA DENOMINA\u00c7\u00c3O DOS LIMITES E CONFRONTA\u00c7\u00d5ES<\/a><\/p>\n<\/div><\/li><li style=\"background-color:rgba(255,255,255,0);\" class=\"fusion-li-item\"><span style=\"background-color:#65bc7b;font-size:14.08px;height:27.2px;width:27.2px;margin-right:11.2px;\" class=\"icon-wrapper circle-yes\"><i class=\"fusion-li-icon fa-download fas\" style=\"color:#ffffff;\" aria-hidden=\"true\"><\/i><\/span><div class=\"fusion-li-item-content\" style=\"margin-left:38.4px;color:#4a4e57;\">\n<p><a href=\"https:\/\/rilem.com.br\/wp-content\/uploads\/2020\/08\/26.-AVERBA\u00c7\u00c3O-DE-REGIME-DE-AFETA\u00c7\u00c3O.odt\">26. AVERBA\u00c7\u00c3O DE REGIME DE AFETA\u00c7\u00c3O<\/a><\/p>\n<\/div><\/li><li style=\"background-color:rgba(255,255,255,0);\" class=\"fusion-li-item\"><span style=\"background-color:#65bc7b;font-size:14.08px;height:27.2px;width:27.2px;margin-right:11.2px;\" class=\"icon-wrapper circle-yes\"><i class=\"fusion-li-icon fa-download fas\" style=\"color:#ffffff;\" aria-hidden=\"true\"><\/i><\/span><div class=\"fusion-li-item-content\" style=\"margin-left:38.4px;color:#4a4e57;\">\n<p><a href=\"https:\/\/rilem.com.br\/wp-content\/uploads\/2020\/08\/27.-CANCELAMENTO-DE-HIPOTECA.odt\">27. CANCELAMENTO DE HIPOTECA<\/a><\/p>\n<\/div><\/li><li style=\"background-color:rgba(255,255,255,0);\" class=\"fusion-li-item\"><span style=\"background-color:#65bc7b;font-size:14.08px;height:27.2px;width:27.2px;margin-right:11.2px;\" class=\"icon-wrapper circle-yes\"><i class=\"fusion-li-icon fa-download fas\" style=\"color:#ffffff;\" aria-hidden=\"true\"><\/i><\/span><div class=\"fusion-li-item-content\" style=\"margin-left:38.4px;color:#4a4e57;\">\n<p><a href=\"https:\/\/rilem.com.br\/wp-content\/uploads\/2020\/08\/28.-AVERBA\u00c7\u00c3O-DE-DEMOLI\u00c7\u00c3O-DE-PR\u00c9DIO.odt\">28. AVERBA\u00c7\u00c3O DE DEMOLI\u00c7\u00c3O DE PR\u00c9DIO<\/a><\/p>\n<\/div><\/li><li style=\"background-color:rgba(255,255,255,0);\" class=\"fusion-li-item\"><span style=\"background-color:#65bc7b;font-size:14.08px;height:27.2px;width:27.2px;margin-right:11.2px;\" class=\"icon-wrapper circle-yes\"><i class=\"fusion-li-icon fa-download fas\" style=\"color:#ffffff;\" aria-hidden=\"true\"><\/i><\/span><div class=\"fusion-li-item-content\" style=\"margin-left:38.4px;color:#4a4e57;\">\n<p><a href=\"https:\/\/rilem.com.br\/wp-content\/uploads\/2020\/08\/29.-ALTERA\u00c7\u00c3O-DA-RAZ\u00c3O-SOCIAL..odt\">29. ALTERA\u00c7\u00c3O DA RAZ\u00c3O SOCIAL.<\/a><\/p>\n<\/div><\/li><li style=\"background-color:rgba(255,255,255,0);\" class=\"fusion-li-item\"><span style=\"background-color:#65bc7b;font-size:14.08px;height:27.2px;width:27.2px;margin-right:11.2px;\" class=\"icon-wrapper circle-yes\"><i class=\"fusion-li-icon fa-download fas\" style=\"color:#ffffff;\" aria-hidden=\"true\"><\/i><\/span><div class=\"fusion-li-item-content\" style=\"margin-left:38.4px;color:#4a4e57;\">\n<p><a href=\"https:\/\/rilem.com.br\/wp-content\/uploads\/2020\/08\/30.-TRANSFORMA\u00c7\u00c3O-DO-TIPO-SOCIET\u00c1RIO.odt\">30. TRANSFORMA\u00c7\u00c3O DO TIPO SOCIET\u00c1RIO<\/a><\/p>\n<\/div><\/li><li style=\"background-color:rgba(255,255,255,0);\" class=\"fusion-li-item\"><span style=\"background-color:#65bc7b;font-size:14.08px;height:27.2px;width:27.2px;margin-right:11.2px;\" class=\"icon-wrapper circle-yes\"><i class=\"fusion-li-icon fa-download fas\" style=\"color:#ffffff;\" aria-hidden=\"true\"><\/i><\/span><div class=\"fusion-li-item-content\" style=\"margin-left:38.4px;color:#4a4e57;\">\n<p><a href=\"https:\/\/rilem.com.br\/wp-content\/uploads\/2020\/08\/31.-CINDIBILIDADE.odt\">31. CINDIBILIDADE<\/a><\/p>\n<\/div><\/li><li style=\"background-color:rgba(255,255,255,0);\" class=\"fusion-li-item\"><span style=\"background-color:#65bc7b;font-size:14.08px;height:27.2px;width:27.2px;margin-right:11.2px;\" class=\"icon-wrapper circle-yes\"><i class=\"fusion-li-icon fa-download fas\" style=\"color:#ffffff;\" aria-hidden=\"true\"><\/i><\/span><div class=\"fusion-li-item-content\" style=\"margin-left:38.4px;color:#4a4e57;\"><a href=\"https:\/\/rilem.com.br\/wp-content\/uploads\/2020\/08\/32.-CANCELAMENTO-DE-CL\u00c1USULAS-RESTRITIVAS.odt\">32. CANCELAMENTO DE CL\u00c1USULAS RESTRITIVAS<\/a><\/div><\/li><li style=\"background-color:rgba(255,255,255,0);\" class=\"fusion-li-item\"><span style=\"background-color:#65bc7b;font-size:14.08px;height:27.2px;width:27.2px;margin-right:11.2px;\" class=\"icon-wrapper circle-yes\"><i class=\"fusion-li-icon fa-download fas\" style=\"color:#ffffff;\" aria-hidden=\"true\"><\/i><\/span><div class=\"fusion-li-item-content\" style=\"margin-left:38.4px;color:#4a4e57;\"><a href=\"https:\/\/rilem.com.br\/wp-content\/uploads\/2023\/03\/Requerimento-geral.pdf\">33. REQUERIMENTO GERAL<\/a><\/div><\/li><\/ul><\/div><style type=\"text\/css\">.fusion-body .fusion-builder-column-0{width:100% !important;margin-top : 0px;margin-bottom : 20px;}.fusion-builder-column-0 > .fusion-column-wrapper {padding-top : 0px !important;padding-right : 0px !important;margin-right : 1.92%;padding-bottom : 0px !important;padding-left : 0px !important;margin-left : 1.92%;}@media only screen and (max-width:1024px) {.fusion-body .fusion-builder-column-0{width:100% !important;order : 0;}.fusion-builder-column-0 > .fusion-column-wrapper {margin-right : 1.92%;margin-left : 1.92%;}}@media only screen and (max-width:640px) {.fusion-body .fusion-builder-column-0{width:100% !important;order : 0;}.fusion-builder-column-0 > .fusion-column-wrapper {margin-right : 1.92%;margin-left : 1.92%;}}<\/style><\/div><\/div><style type=\"text\/css\">.fusion-body .fusion-flex-container.fusion-builder-row-1{ padding-top : 0px;margin-top : 0px;padding-right : 0px;padding-bottom : 0px;margin-bottom : 0px;padding-left : 0px;}<\/style><\/div>\n","protected":false},"excerpt":{"rendered":"","protected":false},"author":1,"featured_media":0,"parent":0,"menu_order":0,"comment_status":"closed","ping_status":"closed","template":"","meta":{"footnotes":""},"class_list":["post-72","page","type-page","status-publish","hentry"],"_links":{"self":[{"href":"https:\/\/rilem.com.br\/index.php?rest_route=\/wp\/v2\/pages\/72","targetHints":{"allow":["GET"]}}],"collection":[{"href":"https:\/\/rilem.com.br\/index.php?rest_route=\/wp\/v2\/pages"}],"about":[{"href":"https:\/\/rilem.com.br\/index.php?rest_route=\/wp\/v2\/types\/page"}],"author":[{"embeddable":true,"href":"https:\/\/rilem.com.br\/index.php?rest_route=\/wp\/v2\/users\/1"}],"replies":[{"embeddable":true,"href":"https:\/\/rilem.com.br\/index.php?rest_route=%2Fwp%2Fv2%2Fcomments&post=72"}],"version-history":[{"count":10,"href":"https:\/\/rilem.com.br\/index.php?rest_route=\/wp\/v2\/pages\/72\/revisions"}],"predecessor-version":[{"id":398,"href":"https:\/\/rilem.com.br\/index.php?rest_route=\/wp\/v2\/pages\/72\/revisions\/398"}],"wp:attachment":[{"href":"https:\/\/rilem.com.br\/index.php?rest_route=%2Fwp%2Fv2%2Fmedia&parent=72"}],"curies":[{"name":"wp","href":"https:\/\/api.w.org\/{rel}","templated":true}]}}