{"id":7,"date":"2020-07-28T21:30:24","date_gmt":"2020-07-29T00:30:24","guid":{"rendered":"https:\/\/rilem.com.br\/?page_id=7"},"modified":"2025-07-30T10:52:33","modified_gmt":"2025-07-30T13:52:33","slug":"index","status":"publish","type":"page","link":"https:\/\/rilem.com.br\/","title":{"rendered":"Principal"},"content":{"rendered":"<div class=\"fusion-fullwidth fullwidth-box fusion-builder-row-1 fusion-flex-container nonhundred-percent-fullwidth non-hundred-percent-height-scrolling\" style=\"background-color: rgba(255,255,255,0);background-position: center center;background-repeat: no-repeat;box-shadow: 0px 0px ;border-width: 0px 0px 0px 0px;border-color:#e2e2e2;border-style:solid;\" ><div class=\"fusion-builder-row fusion-row fusion-flex-align-items-flex-start\" style=\"max-width:1248px;margin-left: calc(-4% \/ 2 );margin-right: calc(-4% \/ 2 );\"><div class=\"fusion-layout-column fusion_builder_column fusion-builder-column-0 fusion_builder_column_1_1 1_1 fusion-flex-column\"><div class=\"fusion-column-wrapper fusion-flex-justify-content-flex-start fusion-content-layout-column\" style=\"background-position:left top;background-repeat:no-repeat;-webkit-background-size:cover;-moz-background-size:cover;-o-background-size:cover;background-size:cover;padding: 0px 0px 0px 0px;\"><div class=\"fusion-text fusion-text-1\">\n<div class=\"fusion-slider-revolution rev_slider_wrapper\">\t\t\t<!-- START principal REVOLUTION SLIDER 6.5.25 --><p class=\"rs-p-wp-fix\"><\/p>\n\t\t\t<rs-module-wrap id=\"rev_slider_1_1_wrapper\" data-source=\"gallery\" style=\"visibility:hidden;background:transparent;padding:0;margin:0px auto;margin-top:0;margin-bottom:0;\">\n\t\t\t\t<rs-module id=\"rev_slider_1_1\" style=\"\" data-version=\"6.5.25\">\n\t\t\t\t\t<rs-slides>\n\t\t\t\t\t\t<rs-slide style=\"position: absolute;\" data-key=\"rs-1\" data-title=\"Bem-Vindo\" data-in=\"o:0;\" data-out=\"a:false;\">\n\t\t\t\t\t\t\t<img decoding=\"async\" src=\"\/\/rilem.com.br\/wp-content\/plugins\/revslider\/public\/assets\/assets\/dummy.png\" alt=\"\" title=\"Soybean Field\" width=\"2560\" height=\"1634\" class=\"rev-slidebg tp-rs-img rs-lazyload\" data-lazyload=\"\/\/rilem.com.br\/wp-content\/uploads\/2020\/08\/noticias_1471372194-scaled.jpg\" data-parallax=\"off\" data-no-retina>\n<!--\n\t\t\t\t\t\t\t--><rs-layer\n\t\t\t\t\t\t\t\tid=\"slider-1-slide-1-layer-0\" \n\t\t\t\t\t\t\t\tdata-type=\"text\"\n\t\t\t\t\t\t\t\tdata-color=\"#fff\"\n\t\t\t\t\t\t\t\tdata-tsh=\"c:rgba(0,0,0,0.75);h:5px;b:10px;\"\n\t\t\t\t\t\t\t\tdata-rsp_ch=\"on\"\n\t\t\t\t\t\t\t\tdata-xy=\"x:80px;y:371px;\"\n\t\t\t\t\t\t\t\tdata-text=\"w:normal;s:80;l:90;ls:-4;fw:800;\"\n\t\t\t\t\t\t\t\tdata-dim=\"minh:0px;\"\n\t\t\t\t\t\t\t\tdata-frame_999=\"o:0;st:w;\"\n\t\t\t\t\t\t\t\tstyle=\"z-index:5;font-family:'Poppins';\"\n\t\t\t\t\t\t\t>Bem-Vindo(a)! \n\t\t\t\t\t\t\t<\/rs-layer><!--\n\n\t\t\t\t\t\t\t--><a\n\t\t\t\t\t\t\t\tid=\"slider-1-slide-1-layer-1\" \n\t\t\t\t\t\t\t\tclass=\"rs-layer rev-btn\"\n\t\t\t\t\t\t\t\thref=\"https:\/\/rilem.com.br\/?page_id=48\" target=\"_self\" rel=\"nofollow\"\n\t\t\t\t\t\t\t\tdata-type=\"button\"\n\t\t\t\t\t\t\t\tdata-color=\"#ffffff\"\n\t\t\t\t\t\t\t\tdata-rsp_ch=\"on\"\n\t\t\t\t\t\t\t\tdata-xy=\"x:87px;y:469px;\"\n\t\t\t\t\t\t\t\tdata-text=\"w:normal;l:55;fw:500;\"\n\t\t\t\t\t\t\t\tdata-dim=\"minh:0px;\"\n\t\t\t\t\t\t\t\tdata-padding=\"r:50;l:50;\"\n\t\t\t\t\t\t\t\tdata-border=\"bor:3px,3px,3px,3px;\"\n\t\t\t\t\t\t\t\tdata-frame_999=\"o:0;st:w;\"\n\t\t\t\t\t\t\t\tdata-frame_hover=\"bgc:#007aff;bor:3px,3px,3px,3px;sp:100;e:power1.inOut;bri:120%;\"\n\t\t\t\t\t\t\t\tstyle=\"z-index:6;background-color:#4cd964;font-family:'Roboto';\"\n\t\t\t\t\t\t\t>Leia Mais \n\t\t\t\t\t\t\t<\/a><!--\n-->\t\t\t\t\t\t<\/rs-slide>\n\t\t\t\t\t\t<rs-slide style=\"position: absolute;\" data-key=\"rs-3\" data-title=\"Bem-Vindo\" data-in=\"o:0;\" data-out=\"a:false;\">\n\t\t\t\t\t\t\t<img decoding=\"async\" src=\"\/\/rilem.com.br\/wp-content\/plugins\/revslider\/public\/assets\/assets\/dummy.png\" alt=\"\" title=\"joao-marcelo-marques-Qp0lt8ehfjg-unsplash-e1562844194679\" width=\"2560\" height=\"1439\" class=\"rev-slidebg tp-rs-img rs-lazyload\" data-lazyload=\"\/\/rilem.com.br\/wp-content\/uploads\/2020\/08\/joao-marcelo-marques-Qp0lt8ehfjg-unsplash-e1562844194679-scaled.jpg\" data-parallax=\"off\" data-no-retina>\n<!--\n\t\t\t\t\t\t\t--><rs-layer\n\t\t\t\t\t\t\t\tid=\"slider-1-slide-3-layer-0\" \n\t\t\t\t\t\t\t\tdata-type=\"text\"\n\t\t\t\t\t\t\t\tdata-color=\"#fff\"\n\t\t\t\t\t\t\t\tdata-tsh=\"c:rgba(0,0,0,0.75);h:5px;b:10px;\"\n\t\t\t\t\t\t\t\tdata-rsp_ch=\"on\"\n\t\t\t\t\t\t\t\tdata-xy=\"x:78px;y:313px;\"\n\t\t\t\t\t\t\t\tdata-text=\"w:normal;s:80;l:90;ls:-4;fw:800;\"\n\t\t\t\t\t\t\t\tdata-dim=\"minh:0px;\"\n\t\t\t\t\t\t\t\tdata-frame_999=\"o:0;st:w;\"\n\t\t\t\t\t\t\t\tstyle=\"z-index:5;font-family:'Poppins';\"\n\t\t\t\t\t\t\t>Ouvidoria \n\t\t\t\t\t\t\t<\/rs-layer><!--\n\n\t\t\t\t\t\t\t--><a\n\t\t\t\t\t\t\t\tid=\"slider-1-slide-3-layer-1\" \n\t\t\t\t\t\t\t\tclass=\"rs-layer rev-btn\"\n\t\t\t\t\t\t\t\thref=\"https:\/\/rilem.com.br\/?page_id=76\" target=\"_self\" rel=\"nofollow\"\n\t\t\t\t\t\t\t\tdata-type=\"button\"\n\t\t\t\t\t\t\t\tdata-color=\"#ffffff\"\n\t\t\t\t\t\t\t\tdata-rsp_ch=\"on\"\n\t\t\t\t\t\t\t\tdata-xy=\"x:87px;y:469px;\"\n\t\t\t\t\t\t\t\tdata-text=\"w:normal;l:55;fw:500;\"\n\t\t\t\t\t\t\t\tdata-dim=\"minh:0px;\"\n\t\t\t\t\t\t\t\tdata-padding=\"r:50;l:50;\"\n\t\t\t\t\t\t\t\tdata-border=\"bor:3px,3px,3px,3px;\"\n\t\t\t\t\t\t\t\tdata-frame_999=\"o:0;st:w;\"\n\t\t\t\t\t\t\t\tdata-frame_hover=\"bgc:#007aff;bor:3px,3px,3px,3px;sp:100;e:power1.inOut;bri:120%;\"\n\t\t\t\t\t\t\t\tstyle=\"z-index:6;background-color:#4cd964;font-family:'Roboto';\"\n\t\t\t\t\t\t\t>Leia Mais \n\t\t\t\t\t\t\t<\/a><!--\n\n\t\t\t\t\t\t\t--><rs-layer\n\t\t\t\t\t\t\t\tid=\"slider-1-slide-3-layer-3\" \n\t\t\t\t\t\t\t\tdata-type=\"text\"\n\t\t\t\t\t\t\t\tdata-color=\"#ffffff\"\n\t\t\t\t\t\t\t\tdata-rsp_ch=\"on\"\n\t\t\t\t\t\t\t\tdata-xy=\"x:94px;y:402px;\"\n\t\t\t\t\t\t\t\tdata-text=\"w:normal;\"\n\t\t\t\t\t\t\t\tdata-dim=\"w:527px;\"\n\t\t\t\t\t\t\t\tdata-frame_999=\"o:0;st:w;\"\n\t\t\t\t\t\t\t\tstyle=\"z-index:7;font-family:'Roboto';\"\n\t\t\t\t\t\t\t>SUGEST\u00c3O, RECLAMA\u00c7\u00c3O, DEN\u00daNCIA, CR\u00cdTICA, ELOGIO OU PE\u00c7A UMA INFORMA\u00c7\u00c3O \n\t\t\t\t\t\t\t<\/rs-layer><!--\n-->\t\t\t\t\t\t<\/rs-slide>\n\t\t\t\t\t\t<rs-slide style=\"position: absolute;\" data-key=\"rs-4\" data-title=\"Bem-Vindo\" data-in=\"o:0;\" data-out=\"a:false;\">\n\t\t\t\t\t\t\t<img decoding=\"async\" src=\"\/\/rilem.com.br\/wp-content\/plugins\/revslider\/public\/assets\/assets\/dummy.png\" alt=\"\" title=\"slide_1\" width=\"1700\" height=\"400\" class=\"rev-slidebg tp-rs-img rs-lazyload\" data-lazyload=\"\/\/rilem.com.br\/wp-content\/uploads\/2020\/08\/slide_1.jpg\" data-parallax=\"off\" data-no-retina>\n<!--\n\t\t\t\t\t\t\t--><rs-layer\n\t\t\t\t\t\t\t\tid=\"slider-1-slide-4-layer-0\" \n\t\t\t\t\t\t\t\tdata-type=\"text\"\n\t\t\t\t\t\t\t\tdata-color=\"#fff\"\n\t\t\t\t\t\t\t\tdata-tsh=\"c:rgba(0,0,0,0.75);h:5px;b:10px;\"\n\t\t\t\t\t\t\t\tdata-rsp_ch=\"on\"\n\t\t\t\t\t\t\t\tdata-xy=\"x:34px;y:313px;\"\n\t\t\t\t\t\t\t\tdata-text=\"w:normal;s:50;l:55;ls:-2;fw:800;\"\n\t\t\t\t\t\t\t\tdata-dim=\"w:852px;h:114px;minh:0;\"\n\t\t\t\t\t\t\t\tdata-frame_999=\"o:0;st:w;\"\n\t\t\t\t\t\t\t\tstyle=\"z-index:5;font-family:'Poppins';\"\n\t\t\t\t\t\t\t>Agenda 2030 - 17 Objetivos para transformar nosso mundo \n\t\t\t\t\t\t\t<\/rs-layer><!--\n\n\t\t\t\t\t\t\t--><a\n\t\t\t\t\t\t\t\tid=\"slider-1-slide-4-layer-1\" \n\t\t\t\t\t\t\t\tclass=\"rs-layer rev-btn\"\n\t\t\t\t\t\t\t\thref=\"https:\/\/nacoesunidas.org\/pos2015\/\" target=\"_self\" rel=\"nofollow\"\n\t\t\t\t\t\t\t\tdata-type=\"button\"\n\t\t\t\t\t\t\t\tdata-color=\"#ffffff\"\n\t\t\t\t\t\t\t\tdata-rsp_ch=\"on\"\n\t\t\t\t\t\t\t\tdata-xy=\"x:37px;y:435px;\"\n\t\t\t\t\t\t\t\tdata-text=\"w:normal;l:55;fw:500;\"\n\t\t\t\t\t\t\t\tdata-dim=\"minh:0px;\"\n\t\t\t\t\t\t\t\tdata-padding=\"r:50;l:50;\"\n\t\t\t\t\t\t\t\tdata-border=\"bor:3px,3px,3px,3px;\"\n\t\t\t\t\t\t\t\tdata-frame_999=\"o:0;st:w;\"\n\t\t\t\t\t\t\t\tdata-frame_hover=\"bgc:#007aff;bor:3px,3px,3px,3px;sp:100;e:power1.inOut;bri:120%;\"\n\t\t\t\t\t\t\t\tstyle=\"z-index:6;background-color:#4cd964;font-family:'Roboto';\"\n\t\t\t\t\t\t\t>Leia Mais \n\t\t\t\t\t\t\t<\/a><!--\n-->\t\t\t\t\t\t<\/rs-slide>\n\t\t\t\t\t<\/rs-slides>\n\t\t\t\t\t<rs-static-layers><!--\n\t\t\t\t\t--><\/rs-static-layers>\n\t\t\t\t<\/rs-module>\n\t\t\t\t<script>\n\t\t\t\t\tsetREVStartSize({c: 'rev_slider_1_1',rl:[1240,1024,778,480],el:[600],gw:[1240],gh:[600],type:'standard',justify:'',layout:'fullwidth',mh:\"0\"});if (window.RS_MODULES!==undefined && window.RS_MODULES.modules!==undefined && window.RS_MODULES.modules[\"revslider11\"]!==undefined) {window.RS_MODULES.modules[\"revslider11\"].once = false;window.revapi1 = undefined;if (window.RS_MODULES.checkMinimal!==undefined) window.RS_MODULES.checkMinimal()}\n\t\t\t\t<\/script>\n\t\t\t<\/rs-module-wrap>\n\t\t\t<!-- END REVOLUTION SLIDER -->\n<\/div>\n<\/div><div class=\"fusion-flip-boxes flip-boxes row fusion-columns-2 flip-effect-classic\" style=\"margin-top:20px;\"><div class=\"fusion-flip-box-wrapper fusion-column col-lg-6 col-md-6 col-sm-6\"><div class=\"fusion-flip-box flip-right\" tabindex=\"0\"><div class=\"flip-box-inner-wrapper\"><div class=\"flip-box-front\" style=\"background-color:#375584;border-color:rgba(0,0,0,0);border-radius:6px;border-style:solid;border-width:1px;color:#ffffff;transition-duration:0.8s;\"><div class=\"flip-box-front-inner\"><div class=\"flip-box-grafix flip-box-no-circle\"><i aria-hidden=\"true\" class=\"fa-clock fas\" style=\"color:#ffffff;\"><\/i><\/div><h2 class=\"flip-box-heading\" style=\"color:#f9f9fb;\">Hor\u00e1rio de Funcionamento:<\/h2>segunda \u00e0 sexta das 09h00 \u00e0s 16h00<\/div><\/div><div class=\"flip-box-back\" style=\"background-color:#547956;border-color:rgba(0,0,0,0);border-radius:6px;border-style:solid;border-width:1px;color:rgba(255,255,255,0.8);transition-duration:0.8s;\"><div class=\"flip-box-back-inner\"><h3 class=\"flip-box-heading-back\" style=\"color:#ffffff;\">segunda \u00e0 sexta das 09h00 \u00e0s 16h00<\/h3><\/div><\/div><\/div><\/div><\/div><div class=\"fusion-flip-box-wrapper fusion-column col-lg-6 col-md-6 col-sm-6\"><div class=\"fusion-flip-box flip-right\" tabindex=\"0\"><div class=\"flip-box-inner-wrapper\"><div class=\"flip-box-front\" style=\"background-color:#375584;border-color:rgba(0,0,0,0);border-radius:6px;border-style:solid;border-width:1px;color:#ffffff;transition-duration:0.8s;\"><div class=\"flip-box-front-inner\"><div class=\"flip-box-grafix flip-box-no-circle\"><i aria-hidden=\"true\" class=\"fa-balance-scale fas\" style=\"color:#ffffff;\"><\/i><\/div><h2 class=\"flip-box-heading\" style=\"color:#f9f9fb;\">C\u00f3digo de Normas<\/h2>Tribunal de Justi\u00e7a da Bahia<\/div><\/div><div class=\"flip-box-back\" style=\"background-color:#547956;border-color:rgba(0,0,0,0);border-radius:6px;border-style:solid;border-width:1px;color:rgba(255,255,255,0.8);transition-duration:0.8s;\"><div class=\"flip-box-back-inner\"><h3 class=\"flip-box-heading-back\" style=\"color:#ffffff;\">C\u00f3digo de Normas - Tribunal de Justi\u00e7a da Bahia<\/h3>\n<p><a href=\"https:\/\/rilem.com.br\/wp-content\/uploads\/2024\/06\/Codigo-de-Normas-2024.pdf\">Baixar<\/a><\/p>\n<\/div><\/div><\/div><\/div><\/div><\/div><style type='text\/css'>.reading-box-container-1 .element-bottomshadow:before,.reading-box-container-1 .element-bottomshadow:after{opacity:0.40;}<\/style><div class=\"fusion-reading-box-container reading-box-container-1\" style=\"margin-top:0px;margin-bottom:20px;\"><div class=\"reading-box element-bottomshadow\" style=\"background-color:#f7f7f7;border-width:1px;border-color:rgba(226,226,226,0);border-left-width:3px;border-left-color:var(--primary_color);border-style:solid;\"><a class=\"button fusion-button button-default fusion-button-small button-small button-flat fusion-desktop-button fusion-tagline-button continue fusion-desktop-button-margin continue-right\" style=\"-webkit-box-shadow:none;-moz-box-shadow:none;box-shadow:none;border-radius:4px 4px 4px 4px\" href=\"https:\/\/ouvidoria.tjba.jus.br\" target=\"_blank\" rel=\"noopener noreferrer\"><span>Acesse<\/span><\/a><h2>Ouvidoria Online TJBA<\/h2><div class=\"reading-box-additional fusion-reading-box-additional\">\n<p>A Carta de Servi\u00e7os do Cidad\u00e3o da Ouvidoria do Tribunal de Justi\u00e7a do Estado da Bahia objetiva acessibilidade, de forma simples e c\u00e9lere, \u00e0 atividade jurisdicional, contribuindo para a eleva\u00e7\u00e3o dos padr\u00f5es de transpar\u00eancia, presteza e seguran\u00e7a das atividades dos membros, unidades e servi\u00e7os auxiliares da institui\u00e7\u00e3o.<\/p>\n<p style=\"text-align: left;\"><strong>Aviso importante:<\/strong> Para que sejam atendidas de forma r\u00e1pida e correta, as manifesta\u00e7\u00f5es feitas pelo sistema de Ouvidoria pela Internet devem obedecer aos seguintes requisitos do Regimento Interno da Ouvidoria:<\/p>\n<ul>\n<li style=\"text-align: left;\">O reclamante deve ser parte ou advogado do processo;<\/li>\n<li style=\"text-align: left;\">O reclamante deve consultar o extrato de movimenta\u00e7\u00e3o do processo;<\/li>\n<li style=\"text-align: left;\">O processo deve estar sem movimenta\u00e7\u00e3o h\u00e1 mais de 90 dias;<\/li>\n<li style=\"text-align: left;\">O reclamante j\u00e1 deve ter feito peti\u00e7\u00e3o requerendo a movimenta\u00e7\u00e3o do processo;<\/li>\n<li style=\"text-align: left;\"><b>A manifesta\u00e7\u00e3o n\u00e3o pode envolver discuss\u00e3o sobre decis\u00e3o judicial.<\/b><\/li>\n<li style=\"text-align: left;\">Caso o usu\u00e1rio n\u00e3o forne\u00e7a email\/telefone v\u00e1lidos, esta Ouvidoria se isenta de prestar ao solicitante o resultado obtido em sua reclama\u00e7\u00e3o.<\/li>\n<\/ul>\n<\/div><div class=\"fusion-clearfix\"><\/div><a class=\"button fusion-button button-default fusion-button-small button-small button-flat fusion-mobile-button continue-right\" style=\"-webkit-box-shadow:none;-moz-box-shadow:none;box-shadow:none;border-radius:4px 4px 4px 4px\" href=\"https:\/\/ouvidoria.tjba.jus.br\" target=\"_blank\" rel=\"noopener noreferrer\"><span>Acesse<\/span><\/a><\/div><\/div><\/div><style type=\"text\/css\">.fusion-body .fusion-builder-column-0{width:100% !important;margin-top : -150px;margin-bottom : 20px;}.fusion-builder-column-0 > .fusion-column-wrapper {padding-top : 0px !important;padding-right : 0px !important;margin-right : 1.92%;padding-bottom : 0px !important;padding-left : 0px !important;margin-left : 1.92%;}@media only screen and (max-width:1024px) {.fusion-body .fusion-builder-column-0{width:100% !important;order : 0;}.fusion-builder-column-0 > .fusion-column-wrapper {margin-right : 1.92%;margin-left : 1.92%;}}@media only screen and (max-width:640px) {.fusion-body .fusion-builder-column-0{width:100% !important;order : 0;}.fusion-builder-column-0 > .fusion-column-wrapper {margin-right : 1.92%;margin-left : 1.92%;}}<\/style><\/div><\/div><style type=\"text\/css\">.fusion-body .fusion-flex-container.fusion-builder-row-1{ padding-top : 0px;margin-top : -;padding-right : 0px;padding-bottom : 0px;margin-bottom : 0px;padding-left : 0px;}<\/style><\/div>\n","protected":false},"excerpt":{"rendered":"","protected":false},"author":1,"featured_media":0,"parent":0,"menu_order":0,"comment_status":"closed","ping_status":"closed","template":"","meta":{"footnotes":""},"class_list":["post-7","page","type-page","status-publish","hentry"],"_links":{"self":[{"href":"https:\/\/rilem.com.br\/index.php?rest_route=\/wp\/v2\/pages\/7","targetHints":{"allow":["GET"]}}],"collection":[{"href":"https:\/\/rilem.com.br\/index.php?rest_route=\/wp\/v2\/pages"}],"about":[{"href":"https:\/\/rilem.com.br\/index.php?rest_route=\/wp\/v2\/types\/page"}],"author":[{"embeddable":true,"href":"https:\/\/rilem.com.br\/index.php?rest_route=\/wp\/v2\/users\/1"}],"replies":[{"embeddable":true,"href":"https:\/\/rilem.com.br\/index.php?rest_route=%2Fwp%2Fv2%2Fcomments&post=7"}],"version-history":[{"count":66,"href":"https:\/\/rilem.com.br\/index.php?rest_route=\/wp\/v2\/pages\/7\/revisions"}],"predecessor-version":[{"id":1590,"href":"https:\/\/rilem.com.br\/index.php?rest_route=\/wp\/v2\/pages\/7\/revisions\/1590"}],"wp:attachment":[{"href":"https:\/\/rilem.com.br\/index.php?rest_route=%2Fwp%2Fv2%2Fmedia&parent=7"}],"curies":[{"name":"wp","href":"https:\/\/api.w.org\/{rel}","templated":true}]}}