{"id":66,"date":"2020-08-10T08:59:32","date_gmt":"2020-08-10T11:59:32","guid":{"rendered":"https:\/\/rilem.com.br\/?page_id=66"},"modified":"2023-03-11T08:17:03","modified_gmt":"2023-03-11T11:17:03","slug":"registro-de-imoveis","status":"publish","type":"page","link":"https:\/\/rilem.com.br\/?page_id=66","title":{"rendered":"Registro de Im\u00f3veis"},"content":{"rendered":"<div class=\"fusion-fullwidth fullwidth-box fusion-builder-row-1 fusion-flex-container nonhundred-percent-fullwidth non-hundred-percent-height-scrolling\" style=\"background-color: rgba(255,255,255,0);background-position: center center;background-repeat: no-repeat;border-width: 0px 0px 0px 0px;border-color:#e2e2e2;border-style:solid;\" ><div class=\"fusion-builder-row fusion-row fusion-flex-align-items-flex-start\" style=\"max-width:1248px;margin-left: calc(-4% \/ 2 );margin-right: calc(-4% \/ 2 );\"><div class=\"fusion-layout-column fusion_builder_column fusion-builder-column-0 fusion_builder_column_1_1 1_1 fusion-flex-column\"><div class=\"fusion-column-wrapper fusion-flex-justify-content-flex-start fusion-content-layout-column\" style=\"background-position:left top;background-repeat:no-repeat;-webkit-background-size:cover;-moz-background-size:cover;-o-background-size:cover;background-size:cover;padding: 0px 0px 0px 0px;\"><div class=\"fusion-text fusion-text-1\"><p><strong>PRAZOS<\/strong><\/p>\n<p>Certid\u00e3o da Situa\u00e7\u00e3o Jur\u00eddica do Im\u00f3vel \u2013 1 dia.<\/p>\n<p>Certid\u00e3o de Inteiro Teor \u2013 4 horas.<\/p>\n<p>Demais Certid\u00f5es \u2013 5 dias.<\/p>\n<p>Registro de T\u00edtulos decorrentes da Lei n\u00b0 9.514\/1997 (Sistema Financeiro Imobili\u00e1rio e Aliena\u00e7\u00e3o<br \/>\nFiduci\u00e1ria de Imoveis) \u2013 15 dias.<\/p>\n<p>C\u00e9dula de Cr\u00e9dito Banc\u00e1rio e Imobili\u00e1rio e seus respectivos aditivos e cancelamentos \u2013 10 dias.<\/p>\n<p>Escrituras de Compra e Venda sem Cl\u00e1usulas Especiais \u2013 5 dias.<\/p>\n<p>Averba\u00e7\u00e3o de Benfeitorias e Cancelamentos de Garantias \u2013 5 dias.<\/p>\n<p>T\u00edtulos Encaminhados pelo Sistema Eletr\u00f4nico de Registro de Im\u00f3veis (SERP) 5 dias.<\/p>\n<p>C\u00e9dula de Cr\u00e9dito Rural, Industrial, Comercial, Produto Rural e \u00e0 Exporta\u00e7\u00e3o e Nota de Cr\u00e9dito<br \/>\nRural, Comercial e \u00e0 Exporta\u00e7\u00e3o e seus respectivos aditivos e cancelamentos \u2013 3 dias.<\/p>\n<p>Regra Geral \u2013 10 dias.<br \/>\n*Prazos contados em horas e dias \u00fateis<\/p>\n<\/div><style type=\"text\/css\">@media only screen and (max-width:1024px) {.fusion-title.fusion-title-1{margin-top:10px!important; margin-right:0px!important;margin-bottom:15px!important;margin-left:0px!important;}}@media only screen and (max-width:640px) {.fusion-title.fusion-title-1{margin-top:10px!important; margin-right:0px!important;margin-bottom:10px!important; margin-left:0px!important;}}<\/style><div class=\"fusion-title title fusion-title-1 fusion-title-text fusion-title-size-one\" style=\"margin-top:10px;margin-right:0px;margin-bottom:15px;margin-left:0px;\"><div class=\"title-sep-container title-sep-container-left fusion-no-large-visibility fusion-no-medium-visibility fusion-no-small-visibility\"><div class=\"title-sep sep-double sep-solid\" style=\"border-color:#e2e2e2;\"><\/div><\/div><span class=\"awb-title-spacer fusion-no-large-visibility fusion-no-medium-visibility fusion-no-small-visibility\"><\/span><h1 class=\"title-heading-left\" style=\"margin:0;\">Quais documentos necess\u00e1rio?<\/h1><span class=\"awb-title-spacer\"><\/span><div class=\"title-sep-container title-sep-container-right\"><div class=\"title-sep sep-double sep-solid\" style=\"border-color:#e2e2e2;\"><\/div><\/div><\/div><ul class=\"fusion-checklist fusion-checklist-1\" style=\"font-size:16px;line-height:27.2px;\"><li style=\"background-color:rgba(255,255,255,0);\" class=\"fusion-li-item\"><span style=\"background-color:#65bc7b;font-size:14.08px;height:27.2px;width:27.2px;margin-right:11.2px;\" class=\"icon-wrapper circle-yes\"><i class=\"fusion-li-icon fa-download fas\" style=\"color:#ffffff;\" aria-hidden=\"true\"><\/i><\/span><div class=\"fusion-li-item-content\" style=\"margin-left:38.4px;color:#4a4e57;\">\n<p><a href=\"https:\/\/rilem.com.br\/wp-content\/uploads\/2020\/09\/ALIENA\u00c7\u00c3O-FIDUCI\u00c1RIA-EM-GARANTIA.pdf\">ALIENA\u00c7\u00c3O FIDUCI\u00c1RIA EM GARANTIA<\/a><\/p>\n<\/div><\/li><li style=\"background-color:rgba(255,255,255,0);\" class=\"fusion-li-item\"><span style=\"background-color:#65bc7b;font-size:14.08px;height:27.2px;width:27.2px;margin-right:11.2px;\" class=\"icon-wrapper circle-yes\"><i class=\"fusion-li-icon fa-download fas\" style=\"color:#ffffff;\" aria-hidden=\"true\"><\/i><\/span><div class=\"fusion-li-item-content\" style=\"margin-left:38.4px;color:#4a4e57;\">\n<p><a href=\"https:\/\/rilem.com.br\/wp-content\/uploads\/2020\/09\/AVERBA\u00c7\u00c3O-CADASTRO-IMOBILI\u00c1RIO.pdf\">AVERBA\u00c7\u00c3O CADASTRO IMOBILI\u00c1RIO<\/a><\/p>\n<\/div><\/li><li style=\"background-color:rgba(255,255,255,0);\" class=\"fusion-li-item\"><span style=\"background-color:#65bc7b;font-size:14.08px;height:27.2px;width:27.2px;margin-right:11.2px;\" class=\"icon-wrapper circle-yes\"><i class=\"fusion-li-icon fa-download fas\" style=\"color:#ffffff;\" aria-hidden=\"true\"><\/i><\/span><div class=\"fusion-li-item-content\" style=\"margin-left:38.4px;color:#4a4e57;\">\n<p><a href=\"https:\/\/rilem.com.br\/wp-content\/uploads\/2020\/09\/AVERBA\u00c7\u00c3O-DE-ALTERA\u00c7\u00c3O-DO-ESTADO-CIVIL.pdf\">AVERBA\u00c7\u00c3O DE ALTERA\u00c7\u00c3O DO ESTADO CIVIL<\/a><\/p>\n<\/div><\/li><li style=\"background-color:rgba(255,255,255,0);\" class=\"fusion-li-item\"><span style=\"background-color:#65bc7b;font-size:14.08px;height:27.2px;width:27.2px;margin-right:11.2px;\" class=\"icon-wrapper circle-yes\"><i class=\"fusion-li-icon fa-download fas\" style=\"color:#ffffff;\" aria-hidden=\"true\"><\/i><\/span><div class=\"fusion-li-item-content\" style=\"margin-left:38.4px;color:#4a4e57;\">\n<p><a href=\"https:\/\/rilem.com.br\/wp-content\/uploads\/2020\/09\/AVERBA\u00c7\u00c3O-DE-EDIFICA\u00c7\u00c3O-RECONSTRU\u00c7\u00c3O-DEMOLI\u00c7\u00c3O-REFORMA-OU-AMPLIA\u00c7\u00c3O-DE-PR\u00c9DIO..pdf\">AVERBA\u00c7\u00c3O DE EDIFICA\u00c7\u00c3O, RECONSTRU\u00c7\u00c3O, DEMOLI\u00c7\u00c3O, REFORMA OU AMPLIA\u00c7\u00c3O DE PR\u00c9DIO.<\/a><\/p>\n<\/div><\/li><li style=\"background-color:rgba(255,255,255,0);\" class=\"fusion-li-item\"><span style=\"background-color:#65bc7b;font-size:14.08px;height:27.2px;width:27.2px;margin-right:11.2px;\" class=\"icon-wrapper circle-yes\"><i class=\"fusion-li-icon fa-download fas\" style=\"color:#ffffff;\" aria-hidden=\"true\"><\/i><\/span><div class=\"fusion-li-item-content\" style=\"margin-left:38.4px;color:#4a4e57;\">\n<p><a href=\"https:\/\/rilem.com.br\/wp-content\/uploads\/2020\/09\/AVERBA\u00c7\u00c3O-DO-CADASTRO-AMBIENTAL-RURAL-CAR.pdf\">AVERBA\u00c7\u00c3O DO CADASTRO AMBIENTAL RURAL &#8211; CAR<\/a><\/p>\n<\/div><\/li><li style=\"background-color:rgba(255,255,255,0);\" class=\"fusion-li-item\"><span style=\"background-color:#65bc7b;font-size:14.08px;height:27.2px;width:27.2px;margin-right:11.2px;\" class=\"icon-wrapper circle-yes\"><i class=\"fusion-li-icon fa-download fas\" style=\"color:#ffffff;\" aria-hidden=\"true\"><\/i><\/span><div class=\"fusion-li-item-content\" style=\"margin-left:38.4px;color:#4a4e57;\">\n<p><a href=\"https:\/\/rilem.com.br\/wp-content\/uploads\/2020\/09\/AVERBA\u00c7\u00c3O-DO-CERTIFICADO-DE-IM\u00d3VEL-RURAL-CCIR.pdf\">AVERBA\u00c7\u00c3O DO CERTIFICADO DE IM\u00d3VEL RURAL (CCIR)<\/a><\/p>\n<\/div><\/li><li style=\"background-color:rgba(255,255,255,0);\" class=\"fusion-li-item\"><span style=\"background-color:#65bc7b;font-size:14.08px;height:27.2px;width:27.2px;margin-right:11.2px;\" class=\"icon-wrapper circle-yes\"><i class=\"fusion-li-icon fa-download fas\" style=\"color:#ffffff;\" aria-hidden=\"true\"><\/i><\/span><div class=\"fusion-li-item-content\" style=\"margin-left:38.4px;color:#4a4e57;\">\n<p><a href=\"https:\/\/rilem.com.br\/wp-content\/uploads\/2020\/09\/AVERBA\u00c7\u00c3O-DO-N\u00daMERO-DO-IM\u00d3VEL-NA-RECEITA-FEDERAL-NIRF.pdf\">AVERBA\u00c7\u00c3O DO N\u00daMERO DO IM\u00d3VEL NA RECEITA FEDERAL &#8211; NIRF<\/a><\/p>\n<\/div><\/li><li style=\"background-color:rgba(255,255,255,0);\" class=\"fusion-li-item\"><span style=\"background-color:#65bc7b;font-size:14.08px;height:27.2px;width:27.2px;margin-right:11.2px;\" class=\"icon-wrapper circle-yes\"><i class=\"fusion-li-icon fa-download fas\" style=\"color:#ffffff;\" aria-hidden=\"true\"><\/i><\/span><div class=\"fusion-li-item-content\" style=\"margin-left:38.4px;color:#4a4e57;\">\n<p><a href=\"https:\/\/rilem.com.br\/wp-content\/uploads\/2020\/09\/AVERBA\u00c7\u00c3O-PREMONIT\u00d3RIA.pdf\">AVERBA\u00c7\u00c3O PREMONIT\u00d3RIA<\/a><\/p>\n<\/div><\/li><li style=\"background-color:rgba(255,255,255,0);\" class=\"fusion-li-item\"><span style=\"background-color:#65bc7b;font-size:14.08px;height:27.2px;width:27.2px;margin-right:11.2px;\" class=\"icon-wrapper circle-yes\"><i class=\"fusion-li-icon fa-download fas\" style=\"color:#ffffff;\" aria-hidden=\"true\"><\/i><\/span><div class=\"fusion-li-item-content\" style=\"margin-left:38.4px;color:#4a4e57;\">\n<p><a href=\"https:\/\/rilem.com.br\/wp-content\/uploads\/2020\/09\/COMPRA-E-VENDA.pdf\">COMPRA E VENDA<\/a><\/p>\n<\/div><\/li><li style=\"background-color:rgba(255,255,255,0);\" class=\"fusion-li-item\"><span style=\"background-color:#65bc7b;font-size:14.08px;height:27.2px;width:27.2px;margin-right:11.2px;\" class=\"icon-wrapper circle-yes\"><i class=\"fusion-li-icon fa-download fas\" style=\"color:#ffffff;\" aria-hidden=\"true\"><\/i><\/span><div class=\"fusion-li-item-content\" style=\"margin-left:38.4px;color:#4a4e57;\">\n<p><a href=\"https:\/\/rilem.com.br\/wp-content\/uploads\/2020\/09\/NOTIFICA\u00c7\u00c3O-EXTRAJUDICIAL.pdf\">NOTIFICA\u00c7\u00c3O EXTRAJUDICIAL<\/a><\/p>\n<\/div><\/li><li style=\"background-color:rgba(255,255,255,0);\" class=\"fusion-li-item\"><span style=\"background-color:#65bc7b;font-size:14.08px;height:27.2px;width:27.2px;margin-right:11.2px;\" class=\"icon-wrapper circle-yes\"><i class=\"fusion-li-icon fa-download fas\" style=\"color:#ffffff;\" aria-hidden=\"true\"><\/i><\/span><div class=\"fusion-li-item-content\" style=\"margin-left:38.4px;color:#4a4e57;\">\n<p><a href=\"https:\/\/rilem.com.br\/wp-content\/uploads\/2020\/09\/RETIFICA\u00c7\u00c3O-DE-\u00c1REA-GEORREFERENCIAMENTO..pdf\">RETIFICA\u00c7\u00c3O DE \u00c1REA &#8211; GEORREFERENCIAMENTO.<\/a><\/p>\n<\/div><\/li><li style=\"background-color:rgba(255,255,255,0);\" class=\"fusion-li-item\"><span style=\"background-color:#65bc7b;font-size:14.08px;height:27.2px;width:27.2px;margin-right:11.2px;\" class=\"icon-wrapper circle-yes\"><i class=\"fusion-li-icon fa-download fas\" style=\"color:#ffffff;\" aria-hidden=\"true\"><\/i><\/span><div class=\"fusion-li-item-content\" style=\"margin-left:38.4px;color:#4a4e57;\">\n<p><a href=\"https:\/\/rilem.com.br\/wp-content\/uploads\/2020\/09\/T\u00cdTULOS-E-DOCUMENTOS.pdf\">T\u00cdTULOS E DOCUMENTOS<\/a><\/p>\n<\/div><\/li><li style=\"background-color:rgba(255,255,255,0);\" class=\"fusion-li-item\"><span style=\"background-color:#65bc7b;font-size:14.08px;height:27.2px;width:27.2px;margin-right:11.2px;\" class=\"icon-wrapper circle-yes\"><i class=\"fusion-li-icon fa-download fas\" style=\"color:#ffffff;\" aria-hidden=\"true\"><\/i><\/span><div class=\"fusion-li-item-content\" style=\"margin-left:38.4px;color:#4a4e57;\">\n<p><a href=\"https:\/\/rilem.com.br\/wp-content\/uploads\/2020\/09\/TRANSFER\u00caNCIA-DE-IM\u00d3VEL-PARA-SOCIEDADE-EMPRES\u00c1RIA.pdf\">TRANSFER\u00caNCIA DE IM\u00d3VEL PARA SOCIEDADE EMPRES\u00c1RIA<\/a><\/p>\n<\/div><\/li><li style=\"background-color:rgba(255,255,255,0);\" class=\"fusion-li-item\"><span style=\"background-color:#65bc7b;font-size:14.08px;height:27.2px;width:27.2px;margin-right:11.2px;\" class=\"icon-wrapper circle-yes\"><i class=\"fusion-li-icon fa-download fas\" style=\"color:#ffffff;\" aria-hidden=\"true\"><\/i><\/span><div class=\"fusion-li-item-content\" style=\"margin-left:38.4px;color:#4a4e57;\">\n<p><a href=\"https:\/\/rilem.com.br\/wp-content\/uploads\/2020\/09\/USUCAPI\u00c3O-EXTRAJUDICIAL.pdf\">USUCAPI\u00c3O EXTRAJUDICIAL<\/a><\/p>\n<\/div><\/li><\/ul><\/div><style type=\"text\/css\">.fusion-body .fusion-builder-column-0{width:100% !important;margin-top : 0px;margin-bottom : 0px;}.fusion-builder-column-0 > .fusion-column-wrapper {padding-top : 0px !important;padding-right : 0px !important;margin-right : 1.92%;padding-bottom : 0px !important;padding-left : 0px !important;margin-left : 1.92%;}@media only screen and (max-width:1024px) {.fusion-body .fusion-builder-column-0{width:100% !important;}.fusion-builder-column-0 > .fusion-column-wrapper {margin-right : 1.92%;margin-left : 1.92%;}}@media only screen and (max-width:640px) {.fusion-body .fusion-builder-column-0{width:100% !important;}.fusion-builder-column-0 > .fusion-column-wrapper {margin-right : 1.92%;margin-left : 1.92%;}}<\/style><\/div><\/div><style type=\"text\/css\">.fusion-body .fusion-flex-container.fusion-builder-row-1{ padding-top : 0px;margin-top : 0px;padding-right : 0px;padding-bottom : 0px;margin-bottom : 0px;padding-left : 0px;}<\/style><\/div>\n","protected":false},"excerpt":{"rendered":"","protected":false},"author":1,"featured_media":0,"parent":0,"menu_order":0,"comment_status":"closed","ping_status":"closed","template":"","meta":{"footnotes":""},"class_list":["post-66","page","type-page","status-publish","hentry"],"_links":{"self":[{"href":"https:\/\/rilem.com.br\/index.php?rest_route=\/wp\/v2\/pages\/66","targetHints":{"allow":["GET"]}}],"collection":[{"href":"https:\/\/rilem.com.br\/index.php?rest_route=\/wp\/v2\/pages"}],"about":[{"href":"https:\/\/rilem.com.br\/index.php?rest_route=\/wp\/v2\/types\/page"}],"author":[{"embeddable":true,"href":"https:\/\/rilem.com.br\/index.php?rest_route=\/wp\/v2\/users\/1"}],"replies":[{"embeddable":true,"href":"https:\/\/rilem.com.br\/index.php?rest_route=%2Fwp%2Fv2%2Fcomments&post=66"}],"version-history":[{"count":14,"href":"https:\/\/rilem.com.br\/index.php?rest_route=\/wp\/v2\/pages\/66\/revisions"}],"predecessor-version":[{"id":497,"href":"https:\/\/rilem.com.br\/index.php?rest_route=\/wp\/v2\/pages\/66\/revisions\/497"}],"wp:attachment":[{"href":"https:\/\/rilem.com.br\/index.php?rest_route=%2Fwp%2Fv2%2Fmedia&parent=66"}],"curies":[{"name":"wp","href":"https:\/\/api.w.org\/{rel}","templated":true}]}}