{"id":52,"date":"2020-08-10T08:52:37","date_gmt":"2020-08-10T11:52:37","guid":{"rendered":"https:\/\/rilem.com.br\/?page_id=52"},"modified":"2023-03-08T16:45:28","modified_gmt":"2023-03-08T19:45:28","slug":"legislacao","status":"publish","type":"page","link":"https:\/\/rilem.com.br\/?page_id=52","title":{"rendered":"Legisla\u00e7\u00e3o"},"content":{"rendered":"<div class=\"fusion-fullwidth fullwidth-box fusion-builder-row-1 fusion-flex-container nonhundred-percent-fullwidth non-hundred-percent-height-scrolling\" style=\"background-color: rgba(255,255,255,0);background-position: center center;background-repeat: no-repeat;border-width: 0px 0px 0px 0px;border-color:#e2e2e2;border-style:solid;\" ><div class=\"fusion-builder-row fusion-row fusion-flex-align-items-flex-start\" style=\"max-width:1248px;margin-left: calc(-4% \/ 2 );margin-right: calc(-4% \/ 2 );\"><div class=\"fusion-layout-column fusion_builder_column fusion-builder-column-0 fusion_builder_column_1_1 1_1 fusion-flex-column\"><div class=\"fusion-column-wrapper fusion-flex-justify-content-flex-start fusion-content-layout-column\" style=\"background-position:left top;background-repeat:no-repeat;-webkit-background-size:cover;-moz-background-size:cover;-o-background-size:cover;background-size:cover;padding: 0px 0px 0px 0px;\"><div class=\"fusion-text fusion-text-1\"><div style=\"clear:both;\"><\/div><div id=\"list-wplf\" class=\"listid-wplf wplf-display\"><div id=\"wplf_list-item-0\" class=\"list-item wplf-item\">\r\n\t\t\t\t<a class=\"wplf_link\" href=\"https:\/\/www2.senado.leg.br\/bdsf\/bitstream\/handle\/id\/70433\/CE_BA_EC_26-2020%20.pdf?sequence=14&#038;isAllowed=y\" target=\"_blank\">\r\n\t\t\t\t<div class=\"list-img\"><\/div>\r\n\t\t\t\t<p class=\"wplf_display\" style=\"font-weight: bold; \" >Constitui\u00e7\u00e3o do Estado da Bahia<\/p>\r\n\t\t\t\t<\/a>\r\n\t\t\t\t<\/div>\r\n\t\t\t\t<hr><div id=\"wplf_list-item-1\" class=\"list-item wplf-item\">\r\n\t\t\t\t<a class=\"wplf_link\" href=\"http:\/\/www.planalto.gov.br\/ccivil_03\/leis\/2002\/l10406.htm\" target=\"_blank\">\r\n\t\t\t\t<div class=\"list-img\"><img decoding=\"async\" width=\"150\" height=\"150\" src=\"https:\/\/rilem.com.br\/wp-content\/uploads\/wp-links-page\/CdigoCivilBrasileiro1666005618-150x150.jpg\" class=\"attachment-thumbnail size-thumbnail\" alt=\"\" style=\"border: 3px solid black; box-shadow: 0 5px 10px 0 rgba(0,0,0,0.2),0 5px 15px 0 rgba(0,0,0,0.19);\" srcset=\"https:\/\/rilem.com.br\/wp-content\/uploads\/wp-links-page\/CdigoCivilBrasileiro1666005618-66x66.jpg 66w, https:\/\/rilem.com.br\/wp-content\/uploads\/wp-links-page\/CdigoCivilBrasileiro1666005618-150x150.jpg 150w\" sizes=\"(max-width: 150px) 100vw, 150px\" \/><\/div>\r\n\t\t\t\t<p class=\"wplf_display\" style=\"font-weight: bold; \" >C\u00f3digo Civil Brasileiro<\/p>\r\n\t\t\t\t<\/a>\r\n\t\t\t\t<\/div>\r\n\t\t\t\t<hr><div id=\"wplf_list-item-2\" class=\"list-item wplf-item\">\r\n\t\t\t\t<a class=\"wplf_link\" href=\"http:\/\/www.planalto.gov.br\/ccivil_03\/LEIS\/L8935.htm\" target=\"_blank\">\r\n\t\t\t\t<div class=\"list-img\"><img decoding=\"async\" width=\"150\" height=\"150\" src=\"https:\/\/rilem.com.br\/wp-content\/uploads\/wp-links-page\/LeiFederaln8935941666005588-150x150.jpg\" class=\"attachment-thumbnail size-thumbnail\" alt=\"\" style=\"border: 3px solid black; box-shadow: 0 5px 10px 0 rgba(0,0,0,0.2),0 5px 15px 0 rgba(0,0,0,0.19);\" srcset=\"https:\/\/rilem.com.br\/wp-content\/uploads\/wp-links-page\/LeiFederaln8935941666005588-66x66.jpg 66w, https:\/\/rilem.com.br\/wp-content\/uploads\/wp-links-page\/LeiFederaln8935941666005588-150x150.jpg 150w\" sizes=\"(max-width: 150px) 100vw, 150px\" \/><\/div>\r\n\t\t\t\t<p class=\"wplf_display\" style=\"font-weight: bold; \" >Lei Federal n\u00ba 8.935\/94<\/p>\r\n\t\t\t\t<\/a>\r\n\t\t\t\t<\/div>\r\n\t\t\t\t<hr><div id=\"wplf_list-item-3\" class=\"list-item wplf-item\">\r\n\t\t\t\t<a class=\"wplf_link\" href=\"http:\/\/www.planalto.gov.br\/ccivil_03\/LEIS\/L6015original.htm\" target=\"_blank\">\r\n\t\t\t\t<div class=\"list-img\"><img decoding=\"async\" width=\"150\" height=\"150\" src=\"https:\/\/rilem.com.br\/wp-content\/uploads\/wp-links-page\/LeiFederaln6015731666005573-150x150.jpg\" class=\"attachment-thumbnail size-thumbnail\" alt=\"\" style=\"border: 3px solid black; box-shadow: 0 5px 10px 0 rgba(0,0,0,0.2),0 5px 15px 0 rgba(0,0,0,0.19);\" srcset=\"https:\/\/rilem.com.br\/wp-content\/uploads\/wp-links-page\/LeiFederaln6015731666005573-66x66.jpg 66w, https:\/\/rilem.com.br\/wp-content\/uploads\/wp-links-page\/LeiFederaln6015731666005573-150x150.jpg 150w\" sizes=\"(max-width: 150px) 100vw, 150px\" \/><\/div>\r\n\t\t\t\t<p class=\"wplf_display\" style=\"font-weight: bold; \" >Lei Federal n\u00ba 6.015\/73<\/p>\r\n\t\t\t\t<\/a>\r\n\t\t\t\t<\/div>\r\n\t\t\t\t<hr><div id=\"wplf_list-item-4\" class=\"list-item wplf-item\">\r\n\t\t\t\t<a class=\"wplf_link\" href=\"http:\/\/www.planalto.gov.br\/ccivil_03\/Constituicao\/Constituicao.htm\" target=\"_blank\">\r\n\t\t\t\t<div class=\"list-img\"><img decoding=\"async\" width=\"150\" height=\"150\" src=\"https:\/\/rilem.com.br\/wp-content\/uploads\/wp-links-page\/ConstituioFederal1666005558-150x150.jpg\" class=\"attachment-thumbnail size-thumbnail\" alt=\"\" style=\"border: 3px solid black; box-shadow: 0 5px 10px 0 rgba(0,0,0,0.2),0 5px 15px 0 rgba(0,0,0,0.19);\" srcset=\"https:\/\/rilem.com.br\/wp-content\/uploads\/wp-links-page\/ConstituioFederal1666005558-66x66.jpg 66w, https:\/\/rilem.com.br\/wp-content\/uploads\/wp-links-page\/ConstituioFederal1666005558-150x150.jpg 150w\" sizes=\"(max-width: 150px) 100vw, 150px\" \/><\/div>\r\n\t\t\t\t<p class=\"wplf_display\" style=\"font-weight: bold; \" >Constitui\u00e7\u00e3o Federal<\/p>\r\n\t\t\t\t<\/a>\r\n\t\t\t\t<\/div>\r\n\t\t\t\t<hr><div id=\"wplf_list-item-5\" class=\"list-item wplf-item\">\r\n\t\t\t\t<a class=\"wplf_link\" href=\"http:\/\/www.planalto.gov.br\/ccivil_03\/_ato2015-2018\/2017\/lei\/l13465.htm\" target=\"_blank\">\r\n\t\t\t\t<div class=\"list-img\"><img decoding=\"async\" width=\"150\" height=\"150\" src=\"https:\/\/rilem.com.br\/wp-content\/uploads\/wp-links-page\/RegularizaoFundiriaRuraleUrbana1666005540-150x150.jpg\" class=\"attachment-thumbnail size-thumbnail\" alt=\"\" style=\"border: 3px solid black; box-shadow: 0 5px 10px 0 rgba(0,0,0,0.2),0 5px 15px 0 rgba(0,0,0,0.19);\" srcset=\"https:\/\/rilem.com.br\/wp-content\/uploads\/wp-links-page\/RegularizaoFundiriaRuraleUrbana1666005540-66x66.jpg 66w, https:\/\/rilem.com.br\/wp-content\/uploads\/wp-links-page\/RegularizaoFundiriaRuraleUrbana1666005540-150x150.jpg 150w\" sizes=\"(max-width: 150px) 100vw, 150px\" \/><\/div>\r\n\t\t\t\t<p class=\"wplf_display\" style=\"font-weight: bold; \" >Regulariza\u00e7\u00e3o Fundi\u00e1ria Rural e Urbana<\/p>\r\n\t\t\t\t<\/a>\r\n\t\t\t\t<\/div>\r\n\t\t\t\t<hr><div id=\"wplf_list-item-6\" class=\"list-item wplf-item\">\r\n\t\t\t\t<a class=\"wplf_link\" href=\"http:\/\/www.planalto.gov.br\/ccivil_03\/_ato2015-2018\/2015\/lei\/l13105.htm\" target=\"_blank\">\r\n\t\t\t\t<div class=\"list-img\"><img decoding=\"async\" width=\"150\" height=\"150\" src=\"https:\/\/rilem.com.br\/wp-content\/uploads\/wp-links-page\/CdigoProcessoCivil1666005524-150x150.jpg\" class=\"attachment-thumbnail size-thumbnail\" alt=\"\" style=\"border: 3px solid black; box-shadow: 0 5px 10px 0 rgba(0,0,0,0.2),0 5px 15px 0 rgba(0,0,0,0.19);\" srcset=\"https:\/\/rilem.com.br\/wp-content\/uploads\/wp-links-page\/CdigoProcessoCivil1666005524-66x66.jpg 66w, https:\/\/rilem.com.br\/wp-content\/uploads\/wp-links-page\/CdigoProcessoCivil1666005524-150x150.jpg 150w\" sizes=\"(max-width: 150px) 100vw, 150px\" \/><\/div>\r\n\t\t\t\t<p class=\"wplf_display\" style=\"font-weight: bold; \" >C\u00f3digo Processo Civil<\/p>\r\n\t\t\t\t<\/a>\r\n\t\t\t\t<\/div>\r\n\t\t\t\t<hr><div id=\"wplf_list-item-7\" class=\"list-item wplf-item\">\r\n\t\t\t\t<a class=\"wplf_link\" href=\"http:\/\/www.planalto.gov.br\/ccivil_03\/leis\/2002\/L10406compilada.htm\" target=\"_blank\">\r\n\t\t\t\t<div class=\"list-img\"><img decoding=\"async\" width=\"150\" height=\"150\" src=\"https:\/\/rilem.com.br\/wp-content\/uploads\/wp-links-page\/CdigoCivil1666005503-150x150.jpg\" class=\"attachment-thumbnail size-thumbnail\" alt=\"\" style=\"border: 3px solid black; box-shadow: 0 5px 10px 0 rgba(0,0,0,0.2),0 5px 15px 0 rgba(0,0,0,0.19);\" srcset=\"https:\/\/rilem.com.br\/wp-content\/uploads\/wp-links-page\/CdigoCivil1666005503-66x66.jpg 66w, https:\/\/rilem.com.br\/wp-content\/uploads\/wp-links-page\/CdigoCivil1666005503-150x150.jpg 150w\" sizes=\"(max-width: 150px) 100vw, 150px\" \/><\/div>\r\n\t\t\t\t<p class=\"wplf_display\" style=\"font-weight: bold; \" >C\u00f3digo Civil<\/p>\r\n\t\t\t\t<\/a>\r\n\t\t\t\t<\/div>\r\n\t\t\t\t<hr><div id=\"wplf_list-item-8\" class=\"list-item wplf-item\">\r\n\t\t\t\t<a class=\"wplf_link\" href=\"https:\/\/www.planalto.gov.br\/ccivil_03\/Decreto-Lei\/1937-1946\/Del058.htm\" target=\"_blank\">\r\n\t\t\t\t<div class=\"list-img\"><img decoding=\"async\" width=\"150\" height=\"150\" src=\"https:\/\/rilem.com.br\/wp-content\/uploads\/wp-links-page\/LoteamentoeVendadeTerrenosparaPagamentoemPrestaesDecretoLei581666005488-150x150.jpg\" class=\"attachment-thumbnail size-thumbnail\" alt=\"\" style=\"border: 3px solid black; box-shadow: 0 5px 10px 0 rgba(0,0,0,0.2),0 5px 15px 0 rgba(0,0,0,0.19);\" srcset=\"https:\/\/rilem.com.br\/wp-content\/uploads\/wp-links-page\/LoteamentoeVendadeTerrenosparaPagamentoemPrestaesDecretoLei581666005488-66x66.jpg 66w, https:\/\/rilem.com.br\/wp-content\/uploads\/wp-links-page\/LoteamentoeVendadeTerrenosparaPagamentoemPrestaesDecretoLei581666005488-150x150.jpg 150w\" sizes=\"(max-width: 150px) 100vw, 150px\" \/><\/div>\r\n\t\t\t\t<p class=\"wplf_display\" style=\"font-weight: bold; \" >Loteamento e Venda de Terrenos para Pagamento em Presta\u00e7\u00f5es \u2013 Decreto Lei 58<\/p>\r\n\t\t\t\t<\/a>\r\n\t\t\t\t<\/div>\r\n\t\t\t\t<hr><div id=\"wplf_list-item-9\" class=\"list-item wplf-item\">\r\n\t\t\t\t<a class=\"wplf_link\" href=\"http:\/\/www.planalto.gov.br\/ccivil_03\/LEIS\/LEIS_2001\/L10257.htm\" target=\"_blank\">\r\n\t\t\t\t<div class=\"list-img\"><img decoding=\"async\" width=\"150\" height=\"150\" src=\"https:\/\/rilem.com.br\/wp-content\/uploads\/wp-links-page\/EstatutodasCidades1666005470-150x150.jpg\" class=\"attachment-thumbnail size-thumbnail\" alt=\"\" style=\"border: 3px solid black; box-shadow: 0 5px 10px 0 rgba(0,0,0,0.2),0 5px 15px 0 rgba(0,0,0,0.19);\" srcset=\"https:\/\/rilem.com.br\/wp-content\/uploads\/wp-links-page\/EstatutodasCidades1666005470-66x66.jpg 66w, https:\/\/rilem.com.br\/wp-content\/uploads\/wp-links-page\/EstatutodasCidades1666005470-150x150.jpg 150w\" sizes=\"(max-width: 150px) 100vw, 150px\" \/><\/div>\r\n\t\t\t\t<p class=\"wplf_display\" style=\"font-weight: bold; \" >Estatuto das Cidades<\/p>\r\n\t\t\t\t<\/a>\r\n\t\t\t\t<\/div>\r\n\t\t\t\t<hr><div id=\"wplf_list-item-10\" class=\"list-item wplf-item\">\r\n\t\t\t\t<a class=\"wplf_link\" href=\"http:\/\/www.planalto.gov.br\/Ccivil_03\/_Ato2007-2010\/2007\/Lei\/L11481.htm\" target=\"_blank\">\r\n\t\t\t\t<div class=\"list-img\"><img decoding=\"async\" width=\"150\" height=\"150\" src=\"https:\/\/rilem.com.br\/wp-content\/uploads\/wp-links-page\/RegularizaoFundiriaemImveisdaUnio1666005457-150x150.jpg\" class=\"attachment-thumbnail size-thumbnail\" alt=\"\" style=\"border: 3px solid black; box-shadow: 0 5px 10px 0 rgba(0,0,0,0.2),0 5px 15px 0 rgba(0,0,0,0.19);\" srcset=\"https:\/\/rilem.com.br\/wp-content\/uploads\/wp-links-page\/RegularizaoFundiriaemImveisdaUnio1666005457-66x66.jpg 66w, https:\/\/rilem.com.br\/wp-content\/uploads\/wp-links-page\/RegularizaoFundiriaemImveisdaUnio1666005457-150x150.jpg 150w\" sizes=\"(max-width: 150px) 100vw, 150px\" \/><\/div>\r\n\t\t\t\t<p class=\"wplf_display\" style=\"font-weight: bold; \" >Regulariza\u00e7\u00e3o Fundi\u00e1ria em Im\u00f3veis da Uni\u00e3o<\/p>\r\n\t\t\t\t<\/a>\r\n\t\t\t\t<\/div>\r\n\t\t\t\t<hr><div id=\"wplf_list-item-11\" class=\"list-item wplf-item\">\r\n\t\t\t\t<a class=\"wplf_link\" href=\"http:\/\/www.planalto.gov.br\/ccivil_03\/LEIS\/L6015compilada.htm\" target=\"_blank\">\r\n\t\t\t\t<div class=\"list-img\"><img decoding=\"async\" width=\"150\" height=\"150\" src=\"https:\/\/rilem.com.br\/wp-content\/uploads\/wp-links-page\/LeideRegistrosPblicos1666005438-150x150.jpg\" class=\"attachment-thumbnail size-thumbnail\" alt=\"\" style=\"border: 3px solid black; box-shadow: 0 5px 10px 0 rgba(0,0,0,0.2),0 5px 15px 0 rgba(0,0,0,0.19);\" srcset=\"https:\/\/rilem.com.br\/wp-content\/uploads\/wp-links-page\/LeideRegistrosPblicos1666005438-66x66.jpg 66w, https:\/\/rilem.com.br\/wp-content\/uploads\/wp-links-page\/LeideRegistrosPblicos1666005438-150x150.jpg 150w\" sizes=\"(max-width: 150px) 100vw, 150px\" \/><\/div>\r\n\t\t\t\t<p class=\"wplf_display\" style=\"font-weight: bold; \" >Lei de Registros P\u00fablicos<\/p>\r\n\t\t\t\t<\/a>\r\n\t\t\t\t<\/div>\r\n\t\t\t\t<hr><div id=\"wplf_list-item-12\" class=\"list-item wplf-item\">\r\n\t\t\t\t<a class=\"wplf_link\" href=\"http:\/\/www.planalto.gov.br\/ccivil_03\/leis\/L6766compilado.htm\" target=\"_blank\">\r\n\t\t\t\t<div class=\"list-img\"><img decoding=\"async\" width=\"150\" height=\"150\" src=\"https:\/\/rilem.com.br\/wp-content\/uploads\/wp-links-page\/LeideParcelamentodeSoloUrbano1666005423-150x150.jpg\" class=\"attachment-thumbnail size-thumbnail\" alt=\"\" style=\"border: 3px solid black; box-shadow: 0 5px 10px 0 rgba(0,0,0,0.2),0 5px 15px 0 rgba(0,0,0,0.19);\" srcset=\"https:\/\/rilem.com.br\/wp-content\/uploads\/wp-links-page\/LeideParcelamentodeSoloUrbano1666005423-66x66.jpg 66w, https:\/\/rilem.com.br\/wp-content\/uploads\/wp-links-page\/LeideParcelamentodeSoloUrbano1666005423-150x150.jpg 150w\" sizes=\"(max-width: 150px) 100vw, 150px\" \/><\/div>\r\n\t\t\t\t<p class=\"wplf_display\" style=\"font-weight: bold; \" >Lei de Parcelamento de Solo Urbano<\/p>\r\n\t\t\t\t<\/a>\r\n\t\t\t\t<\/div>\r\n\t\t\t\t<hr><div id=\"wplf_list-item-13\" class=\"list-item wplf-item\">\r\n\t\t\t\t<a class=\"wplf_link\" href=\"http:\/\/www.planalto.gov.br\/ccivil_03\/Leis\/L4591compilado.htm\" target=\"_blank\">\r\n\t\t\t\t<div class=\"list-img\"><img decoding=\"async\" width=\"150\" height=\"150\" src=\"https:\/\/rilem.com.br\/wp-content\/uploads\/wp-links-page\/LeideCondomnioeIncorporaes1666005409-150x150.jpg\" class=\"attachment-thumbnail size-thumbnail\" alt=\"\" style=\"border: 3px solid black; box-shadow: 0 5px 10px 0 rgba(0,0,0,0.2),0 5px 15px 0 rgba(0,0,0,0.19);\" srcset=\"https:\/\/rilem.com.br\/wp-content\/uploads\/wp-links-page\/LeideCondomnioeIncorporaes1666005409-66x66.jpg 66w, https:\/\/rilem.com.br\/wp-content\/uploads\/wp-links-page\/LeideCondomnioeIncorporaes1666005409-150x150.jpg 150w\" sizes=\"(max-width: 150px) 100vw, 150px\" \/><\/div>\r\n\t\t\t\t<p class=\"wplf_display\" style=\"font-weight: bold; \" >Lei de Condom\u00ednio e Incorpora\u00e7\u00f5es<\/p>\r\n\t\t\t\t<\/a>\r\n\t\t\t\t<\/div>\r\n\t\t\t\t<hr><div id=\"wplf_list-item-14\" class=\"list-item wplf-item\">\r\n\t\t\t\t<a class=\"wplf_link\" href=\"http:\/\/www.planalto.gov.br\/ccivil_03\/_Ato2007-2010\/2009\/Lei\/L11977compilado.htm\" target=\"_blank\">\r\n\t\t\t\t<div class=\"list-img\"><img decoding=\"async\" width=\"150\" height=\"150\" src=\"https:\/\/rilem.com.br\/wp-content\/uploads\/wp-links-page\/ProgramaMinhaCasaMinhaVida1666005394-150x150.jpg\" class=\"attachment-thumbnail size-thumbnail\" alt=\"\" style=\"border: 3px solid black; box-shadow: 0 5px 10px 0 rgba(0,0,0,0.2),0 5px 15px 0 rgba(0,0,0,0.19);\" srcset=\"https:\/\/rilem.com.br\/wp-content\/uploads\/wp-links-page\/ProgramaMinhaCasaMinhaVida1666005394-66x66.jpg 66w, https:\/\/rilem.com.br\/wp-content\/uploads\/wp-links-page\/ProgramaMinhaCasaMinhaVida1666005394-150x150.jpg 150w\" sizes=\"(max-width: 150px) 100vw, 150px\" \/><\/div>\r\n\t\t\t\t<p class=\"wplf_display\" style=\"font-weight: bold; \" >Programa Minha Casa Minha Vida<\/p>\r\n\t\t\t\t<\/a>\r\n\t\t\t\t<\/div>\r\n\t\t\t\t<hr><div id=\"wplf_list-item-15\" class=\"list-item wplf-item\">\r\n\t\t\t\t<a class=\"wplf_link\" href=\"http:\/\/www4.planalto.gov.br\/legislacao\/\" target=\"_blank\">\r\n\t\t\t\t<div class=\"list-img\"><img decoding=\"async\" width=\"150\" height=\"150\" src=\"https:\/\/rilem.com.br\/wp-content\/uploads\/wp-links-page\/LegislaoFederaldoBrasil1666005377-150x150.jpg\" class=\"attachment-thumbnail size-thumbnail\" alt=\"\" style=\"border: 3px solid black; box-shadow: 0 5px 10px 0 rgba(0,0,0,0.2),0 5px 15px 0 rgba(0,0,0,0.19);\" srcset=\"https:\/\/rilem.com.br\/wp-content\/uploads\/wp-links-page\/LegislaoFederaldoBrasil1666005377-66x66.jpg 66w, https:\/\/rilem.com.br\/wp-content\/uploads\/wp-links-page\/LegislaoFederaldoBrasil1666005377-150x150.jpg 150w\" sizes=\"(max-width: 150px) 100vw, 150px\" \/><\/div>\r\n\t\t\t\t<p class=\"wplf_display\" style=\"font-weight: bold; \" >Legisla\u00e7\u00e3o Federal do Brasil<\/p>\r\n\t\t\t\t<\/a>\r\n\t\t\t\t<\/div>\r\n\t\t\t\t<hr><div id=\"wplf_list-item-16\" class=\"list-item wplf-item\">\r\n\t\t\t\t<a class=\"wplf_link\" href=\"https:\/\/rilem.com.br\/wp-content\/uploads\/2023\/03\/Codigo-de-Normas-e-Procedimentos-dos-Servicos-Notariais-e-de-Registro-do-Estado-da-Bahia.pdf\" target=\"_blank\">\r\n\t\t\t\t<div class=\"list-img\"><img decoding=\"async\" width=\"150\" height=\"150\" src=\"https:\/\/rilem.com.br\/wp-content\/uploads\/2020\/08\/chrome_G6xsBSSJtX-150x150.png\" class=\"attachment-thumbnail size-thumbnail\" alt=\"\" style=\"border: 3px solid black; box-shadow: 0 5px 10px 0 rgba(0,0,0,0.2),0 5px 15px 0 rgba(0,0,0,0.19);\" srcset=\"https:\/\/rilem.com.br\/wp-content\/uploads\/2020\/08\/chrome_G6xsBSSJtX-66x66.png 66w, https:\/\/rilem.com.br\/wp-content\/uploads\/2020\/08\/chrome_G6xsBSSJtX-150x150.png 150w\" sizes=\"(max-width: 150px) 100vw, 150px\" \/><\/div>\r\n\t\t\t\t<p class=\"wplf_display\" style=\"font-weight: bold; \" >C\u00f3digo de Normas TJBA<\/p>\r\n\t\t\t\t<\/a>\r\n\t\t\t\t<\/div>\r\n\t\t\t\t<hr><\/div><div style=\"clear:both;\"><\/div>\n<\/div><\/div><style type=\"text\/css\">.fusion-body .fusion-builder-column-0{width:100% !important;margin-top : 0px;margin-bottom : 0px;}.fusion-builder-column-0 > .fusion-column-wrapper {padding-top : 0px !important;padding-right : 0px !important;margin-right : 1.92%;padding-bottom : 0px !important;padding-left : 0px !important;margin-left : 1.92%;}@media only screen and (max-width:1024px) {.fusion-body .fusion-builder-column-0{width:100% !important;}.fusion-builder-column-0 > .fusion-column-wrapper {margin-right : 1.92%;margin-left : 1.92%;}}@media only screen and (max-width:640px) {.fusion-body .fusion-builder-column-0{width:100% !important;}.fusion-builder-column-0 > .fusion-column-wrapper {margin-right : 1.92%;margin-left : 1.92%;}}<\/style><\/div><\/div><style type=\"text\/css\">.fusion-body .fusion-flex-container.fusion-builder-row-1{ padding-top : 0px;margin-top : 0px;padding-right : 0px;padding-bottom : 0px;margin-bottom : 0px;padding-left : 0px;}<\/style><\/div>\n","protected":false},"excerpt":{"rendered":"","protected":false},"author":1,"featured_media":0,"parent":0,"menu_order":0,"comment_status":"closed","ping_status":"closed","template":"","meta":{"footnotes":""},"class_list":["post-52","page","type-page","status-publish","hentry"],"_links":{"self":[{"href":"https:\/\/rilem.com.br\/index.php?rest_route=\/wp\/v2\/pages\/52","targetHints":{"allow":["GET"]}}],"collection":[{"href":"https:\/\/rilem.com.br\/index.php?rest_route=\/wp\/v2\/pages"}],"about":[{"href":"https:\/\/rilem.com.br\/index.php?rest_route=\/wp\/v2\/types\/page"}],"author":[{"embeddable":true,"href":"https:\/\/rilem.com.br\/index.php?rest_route=\/wp\/v2\/users\/1"}],"replies":[{"embeddable":true,"href":"https:\/\/rilem.com.br\/index.php?rest_route=%2Fwp%2Fv2%2Fcomments&post=52"}],"version-history":[{"count":6,"href":"https:\/\/rilem.com.br\/index.php?rest_route=\/wp\/v2\/pages\/52\/revisions"}],"predecessor-version":[{"id":160,"href":"https:\/\/rilem.com.br\/index.php?rest_route=\/wp\/v2\/pages\/52\/revisions\/160"}],"wp:attachment":[{"href":"https:\/\/rilem.com.br\/index.php?rest_route=%2Fwp%2Fv2%2Fmedia&parent=52"}],"curies":[{"name":"wp","href":"https:\/\/api.w.org\/{rel}","templated":true}]}}