{"id":48,"date":"2020-08-10T08:46:31","date_gmt":"2020-08-10T11:46:31","guid":{"rendered":"https:\/\/rilem.com.br\/?page_id=48"},"modified":"2020-09-10T10:32:13","modified_gmt":"2020-09-10T13:32:13","slug":"institucional","status":"publish","type":"page","link":"https:\/\/rilem.com.br\/?page_id=48","title":{"rendered":"Institucional"},"content":{"rendered":"<div class=\"fusion-fullwidth fullwidth-box fusion-builder-row-1 fusion-flex-container nonhundred-percent-fullwidth non-hundred-percent-height-scrolling\" style=\"background-color: rgba(255,255,255,0);background-position: center center;background-repeat: no-repeat;border-width: 0px 0px 0px 0px;border-color:#e2e2e2;border-style:solid;\" ><div class=\"fusion-builder-row fusion-row fusion-flex-align-items-flex-start\" style=\"max-width:1248px;margin-left: calc(-4% \/ 2 );margin-right: calc(-4% \/ 2 );\"><div class=\"fusion-layout-column fusion_builder_column fusion-builder-column-0 fusion_builder_column_1_1 1_1 fusion-flex-column\"><div class=\"fusion-column-wrapper fusion-flex-justify-content-flex-start fusion-content-layout-column\" style=\"background-position:left top;background-repeat:no-repeat;-webkit-background-size:cover;-moz-background-size:cover;-o-background-size:cover;background-size:cover;padding: 0px 0px 0px 0px;\"><div class=\"fusion-text fusion-text-1\"><p align=\"justify\"><strong><span style=\"color: #4a4e57;\"><span style=\"font-family: Open Sans;\"><span style=\"font-size: medium;\">QUEM SOMOS?<\/span><\/span><\/span><\/strong><\/p>\n<p align=\"justify\"><strong><span style=\"color: #4a4e57;\"><span style=\"font-family: Open Sans;\"><span style=\"font-size: medium;\">O <\/span><\/span><\/span><\/strong><strong><span style=\"color: #4a4e57;\"><span style=\"font-family: Open Sans;\"><span style=\"font-size: medium;\"><b>Cart\u00f3rio de Registro de Im\u00f3veis, T\u00edtulos e Documentos e Civis de Lu\u00eds Eduardo Magalh\u00e3es na Bahia<\/b><\/span><\/span><\/span><\/strong><strong><span style=\"color: #4a4e57;\"><span style=\"font-family: Open Sans;\"><span style=\"font-size: medium;\">, teve sua atual sede inaugurada em fevereiro de 2017 por seu atual titular <\/span><\/span><\/span><\/strong><strong><span style=\"color: #4a4e57;\"><span style=\"font-family: Open Sans;\"><span style=\"font-size: medium;\">Greg Valadares Guimar\u00e3es Barreto<\/span><\/span><\/span><\/strong><strong><span style=\"color: #4a4e57;\"><span style=\"font-family: Open Sans;\"><span style=\"font-size: medium;\">, <\/span><\/span><\/span><\/strong><strong><span style=\"color: #4a4e57;\"><span style=\"font-family: Open Sans;\"><span style=\"font-size: medium;\">que ingressou <\/span><\/span><\/span><\/strong><strong><span style=\"color: #4a4e57;\"><span style=\"font-family: Open Sans;\"><span style=\"font-size: medium;\">mediante a aprova\u00e7\u00e3o <\/span><\/span><\/span><\/strong><strong><span style=\"color: #4a4e57;\"><span style=\"font-family: Open Sans;\"><span style=\"font-size: medium;\">em<\/span><\/span><\/span><\/strong><strong><span style=\"color: #4a4e57;\"><span style=\"font-family: Open Sans;\"><span style=\"font-size: medium;\"> concurso p\u00fablico de provas e t\u00edtulos, em julho de 2013.<\/span><\/span><\/span><\/strong><\/p>\n<p align=\"justify\"><span style=\"color: #4a4e57;\"><span style=\"font-family: Open Sans;\"><span style=\"font-size: medium;\">Al\u00e9m dos registros imobili\u00e1rios, nossa compet\u00eancia abrange os registros civis de pessoas jur\u00eddicas e os registros de t\u00edtulos e documentos. Nesse sentido, somos respons\u00e1veis por realizar os assentamentos referentes aos atos constitutivos e seguintes das sociedades n\u00e3o empres\u00e1rias, associa\u00e7\u00f5es, funda\u00e7\u00f5es, entre outras, bem como por registrar t\u00edtulos e documentos para produ\u00e7\u00e3o de efeitos publicit\u00e1rios e contra terceiros, constitui\u00e7\u00e3o de garantias m\u00f3veis, conserva\u00e7\u00e3o e guarda. Realizamos tamb\u00e9m, as notifica\u00e7\u00f5es extrajudiciais que configuram importante mecanismo jur\u00eddico e social para efetiva\u00e7\u00e3o de direitos e acordos.<\/span><\/span><\/span><\/p>\n<p align=\"justify\"><span style=\"color: #4a4e57;\"><span style=\"font-family: Open Sans;\"><span style=\"font-size: medium;\">S\u00e3o implementadas constantemente melhorias nos seus procedimentos e estrutura f\u00edsica, com <\/span><\/span><\/span><span style=\"color: #4a4e57;\"><span style=\"font-family: Open Sans;\"><span style=\"font-size: medium;\">investimentos para <\/span><\/span><\/span><span style=\"color: #4a4e57;\"><span style=\"font-family: Open Sans;\"><span style=\"font-size: medium;\">garantir a <\/span><\/span><\/span><span style=\"color: #4a4e57;\"><span style=\"font-family: Open Sans;\"><span style=\"font-size: medium;\">evolu\u00e7\u00e3o <\/span><\/span><\/span><span style=\"color: #4a4e57;\"><span style=\"font-family: Open Sans;\"><span style=\"font-size: medium;\">e agilidade na <\/span><\/span><\/span><span style=\"color: #4a4e57;\"><span style=\"font-family: Open Sans;\"><span style=\"font-size: medium;\">presta\u00e7\u00e3o do servi\u00e7o, a qualidade do atendimento e <\/span><\/span><\/span><span style=\"color: #4a4e57;\"><span style=\"font-family: Open Sans;\"><span style=\"font-size: medium;\">a<\/span><\/span><\/span><span style=\"color: #4a4e57;\"><span style=\"font-family: Open Sans;\"><span style=\"font-size: medium;\"> capacita\u00e7\u00e3o pessoal de todos os envolvidos.<\/span><\/span><\/span><\/p>\n<p align=\"justify\"><span style=\"color: #4a4e57;\"><span style=\"font-family: Open Sans;\"><span style=\"font-size: medium;\">Nosso objetivo \u00e9 prestar um servi\u00e7o p\u00fablico eficiente e com a qualidade e seguran\u00e7a inerentes \u00e0 atividade registral. Para isso contamos com as sugest\u00f5es, cr\u00edticas e elogios dos senhores que certamente servir\u00e3o de impulso para sermos cada vez melhores<\/span><\/span><\/span><\/p>\n<\/div><\/div><style type=\"text\/css\">.fusion-body .fusion-builder-column-0{width:100% !important;margin-top : 0px;margin-bottom : 20px;}.fusion-builder-column-0 > .fusion-column-wrapper {padding-top : 0px !important;padding-right : 0px !important;margin-right : 1.92%;padding-bottom : 0px !important;padding-left : 0px !important;margin-left : 1.92%;}@media only screen and (max-width:1024px) {.fusion-body .fusion-builder-column-0{width:100% !important;order : 0;}.fusion-builder-column-0 > .fusion-column-wrapper {margin-right : 1.92%;margin-left : 1.92%;}}@media only screen and (max-width:640px) {.fusion-body .fusion-builder-column-0{width:100% !important;order : 0;}.fusion-builder-column-0 > .fusion-column-wrapper {margin-right : 1.92%;margin-left : 1.92%;}}<\/style><\/div><\/div><style type=\"text\/css\">.fusion-body .fusion-flex-container.fusion-builder-row-1{ padding-top : 0px;margin-top : 0px;padding-right : 0px;padding-bottom : 0px;margin-bottom : 0px;padding-left : 0px;}<\/style><\/div>\n","protected":false},"excerpt":{"rendered":"","protected":false},"author":1,"featured_media":0,"parent":0,"menu_order":0,"comment_status":"closed","ping_status":"closed","template":"","meta":{"footnotes":""},"class_list":["post-48","page","type-page","status-publish","hentry"],"_links":{"self":[{"href":"https:\/\/rilem.com.br\/index.php?rest_route=\/wp\/v2\/pages\/48","targetHints":{"allow":["GET"]}}],"collection":[{"href":"https:\/\/rilem.com.br\/index.php?rest_route=\/wp\/v2\/pages"}],"about":[{"href":"https:\/\/rilem.com.br\/index.php?rest_route=\/wp\/v2\/types\/page"}],"author":[{"embeddable":true,"href":"https:\/\/rilem.com.br\/index.php?rest_route=\/wp\/v2\/users\/1"}],"replies":[{"embeddable":true,"href":"https:\/\/rilem.com.br\/index.php?rest_route=%2Fwp%2Fv2%2Fcomments&post=48"}],"version-history":[{"count":7,"href":"https:\/\/rilem.com.br\/index.php?rest_route=\/wp\/v2\/pages\/48\/revisions"}],"predecessor-version":[{"id":346,"href":"https:\/\/rilem.com.br\/index.php?rest_route=\/wp\/v2\/pages\/48\/revisions\/346"}],"wp:attachment":[{"href":"https:\/\/rilem.com.br\/index.php?rest_route=%2Fwp%2Fv2%2Fmedia&parent=48"}],"curies":[{"name":"wp","href":"https:\/\/api.w.org\/{rel}","templated":true}]}}