{"id":1466,"date":"2023-06-20T16:40:59","date_gmt":"2023-06-20T19:40:59","guid":{"rendered":"https:\/\/rilem.com.br\/?page_id=1466"},"modified":"2024-06-25T18:14:46","modified_gmt":"2024-06-25T21:14:46","slug":"politica-de-protecao-de-dados","status":"publish","type":"page","link":"https:\/\/rilem.com.br\/?page_id=1466","title":{"rendered":"Pol\u00edtica de Prote\u00e7\u00e3o de Dados"},"content":{"rendered":"<div class=\"fusion-fullwidth fullwidth-box fusion-builder-row-1 fusion-flex-container nonhundred-percent-fullwidth non-hundred-percent-height-scrolling\" style=\"background-color: rgba(255,255,255,0);background-position: center center;background-repeat: no-repeat;border-width: 0px 0px 0px 0px;border-color:#e2e2e2;border-style:solid;\" ><div class=\"fusion-builder-row fusion-row fusion-flex-align-items-flex-start\" style=\"max-width:1248px;margin-left: calc(-4% \/ 2 );margin-right: calc(-4% \/ 2 );\"><div class=\"fusion-layout-column fusion_builder_column fusion-builder-column-0 fusion_builder_column_1_1 1_1 fusion-flex-column\"><div class=\"fusion-column-wrapper fusion-flex-justify-content-flex-start fusion-content-layout-column\" style=\"background-position:left top;background-repeat:no-repeat;-webkit-background-size:cover;-moz-background-size:cover;-o-background-size:cover;background-size:cover;padding: 0px 0px 0px 0px;\"><div class=\"fusion-text fusion-text-1\"><p style=\"text-align: center;\"><strong>LEI GERAL DE PROTE\u00c7\u00c3O DE DADOS \u2013 LGPD (LEI 13.709\/2018)<\/strong><\/p>\n<p><strong>O Cart\u00f3rio de Registro de Im\u00f3veis, T\u00edtulos e Documentos e Civis de Lu\u00eds Eduardo Magalh\u00e3es na Bahia <\/strong>implementou em sua rotina a pol\u00edtica de prote\u00e7\u00e3o de dados dos usu\u00e1rios de seus servi\u00e7os, colaboradores e prestadores de servi\u00e7os, em cumprimento ao <strong><u>Provimento n\u00ba 003\/2021 do Tribunal de Justi\u00e7a do Estado da Bahia <\/u><\/strong>e \u00e0 <strong><u>Lei n\u00ba 13.709\/2018 (LGPD)<\/u><\/strong>, que se aplica \u00e0s serventias extrajudiciais, nos seguintes termos:<\/p>\n<p><em>Art. 1\u00ba As normas estabelecidas pela Lei n. 13.709\/2018 ser\u00e3o observadas em todas as opera\u00e7\u00f5es de tratamento realizadas pelas delega\u00e7\u00f5es dos servi\u00e7os extrajudiciais de notas e de registro a que se refere o art. 236, da Constitui\u00e7\u00e3o Federal, ressalvado o disposto no art. 4\u00ba daquele regulamento. <\/em><\/p>\n<p><em>Art. 23, \u00a7 4\u00ba \u2013 Os servi\u00e7os notariais e de registro exercidos em car\u00e1ter privado, por delega\u00e7\u00e3o do Poder P\u00fablico, ter\u00e3o o mesmo tratamento dispensado \u00e0s pessoas jur\u00eddicas referidas no caput deste artigo, nos termos desta Lei.<\/em><\/p>\n<p><em><br \/><\/em><\/p>\n<\/div><div style=\"text-align:center;\"><style>.fusion-body .fusion-button.button-1.button-3d,.fusion-body .fusion-button.button-1.button-3d:hover{box-shadow:inset 0 1px 0 #fff, 0 0.15em 0 #5db072, 0.1em 0.2em 0.2em 0.15em rgba(0, 0, 0, 0.3);}.fusion-body .fusion-button.button-1.button-3d:active,.fusion-body .fusion-button.button-1.button-3d:hover:active{box-shadow:inset 0 1px 0 #fff, 0 1px 0 #5db072, 0.05em 0.1em 0.1em 0.07em rgba(0, 0, 0, 0.3);}.fusion-body .fusion-button.button-1{border-radius:4px 4px 4px 4px;}<\/style><a class=\"fusion-button button-3d button-xlarge button-default button-1 fusion-button-default-span \" target=\"_blank\" rel=\"noopener noreferrer\" href=\"https:\/\/rilem.com.br\/wp-content\/uploads\/2024\/06\/Politica-de-Privacidade-Cartorio-GB-2024.pdf\"><span class=\"fusion-button-text\">Pol\u00edtica de Prote\u00e7\u00e3o de Dados<\/span><\/a><\/div><div class=\"fusion-text fusion-text-2\"><p style=\"text-align: center;\"><strong> <\/strong><\/p>\n<p style=\"text-align: center;\"><strong>COMO ENTRAR EM CONTATO COM O ENCARREGADO DA PROTE\u00c7\u00c3O DE DADOS DO CART\u00d3RIO?<\/strong><\/p>\n<p>O encarregado da prote\u00e7\u00e3o deste Cart\u00f3rio \u00e9 <b>Marcos Alessandro Siqueira<\/b>. Qualquer d\u00favida poder\u00e1 ser realizada em <a href=\"https:\/\/www.itware.com.br\/falecomdpo\" target=\"_blank\" rel=\"noopener noreferrer\">https:\/\/www.itware.com.br\/falecomdpo<\/a><\/p>\n<p>Se preferir, voc\u00ea tamb\u00e9m pode fazer a sua solicita\u00e7\u00e3o de informa\u00e7\u00f5es de dados pessoais pelo Titular (art. 18, LGPD), ao clicar no bot\u00e3o abaixo.<\/p><\/p>\n<\/div><div style=\"text-align:center;\"><style>.fusion-body .fusion-button.button-2.button-3d,.fusion-body .fusion-button.button-2.button-3d:hover{box-shadow:inset 0 1px 0 #fff, 0 0.15em 0 #5db072, 0.1em 0.2em 0.2em 0.15em rgba(0, 0, 0, 0.3);}.fusion-body .fusion-button.button-2.button-3d:active,.fusion-body .fusion-button.button-2.button-3d:hover:active{box-shadow:inset 0 1px 0 #fff, 0 1px 0 #5db072, 0.05em 0.1em 0.1em 0.07em rgba(0, 0, 0, 0.3);}.fusion-body .fusion-button.button-2{border-radius:4px 4px 4px 4px;}<\/style><a class=\"fusion-button button-3d button-xlarge button-default button-2 fusion-button-default-span \" target=\"_blank\" rel=\"noopener noreferrer\" href=\"https:\/\/www.registrodeimoveis.org.br\/lgpd\"><span class=\"fusion-button-text\">Canal de atendimento ao Titular de Dados Pessoais<\/span><\/a><\/div><\/div><style type=\"text\/css\">.fusion-body .fusion-builder-column-0{width:100% !important;margin-top : 0px;margin-bottom : 0px;}.fusion-builder-column-0 > .fusion-column-wrapper {padding-top : 0px !important;padding-right : 0px !important;margin-right : 1.92%;padding-bottom : 0px !important;padding-left : 0px !important;margin-left : 1.92%;}@media only screen and (max-width:1024px) {.fusion-body .fusion-builder-column-0{width:100% !important;}.fusion-builder-column-0 > .fusion-column-wrapper {margin-right : 1.92%;margin-left : 1.92%;}}@media only screen and (max-width:640px) {.fusion-body .fusion-builder-column-0{width:100% !important;}.fusion-builder-column-0 > .fusion-column-wrapper {margin-right : 1.92%;margin-left : 1.92%;}}<\/style><\/div><\/div><style type=\"text\/css\">.fusion-body .fusion-flex-container.fusion-builder-row-1{ padding-top : 0px;margin-top : 0px;padding-right : 0px;padding-bottom : 0px;margin-bottom : 0px;padding-left : 0px;}<\/style><\/div>\n","protected":false},"excerpt":{"rendered":"","protected":false},"author":1,"featured_media":0,"parent":0,"menu_order":0,"comment_status":"closed","ping_status":"closed","template":"","meta":{"footnotes":""},"class_list":["post-1466","page","type-page","status-publish","hentry"],"_links":{"self":[{"href":"https:\/\/rilem.com.br\/index.php?rest_route=\/wp\/v2\/pages\/1466","targetHints":{"allow":["GET"]}}],"collection":[{"href":"https:\/\/rilem.com.br\/index.php?rest_route=\/wp\/v2\/pages"}],"about":[{"href":"https:\/\/rilem.com.br\/index.php?rest_route=\/wp\/v2\/types\/page"}],"author":[{"embeddable":true,"href":"https:\/\/rilem.com.br\/index.php?rest_route=\/wp\/v2\/users\/1"}],"replies":[{"embeddable":true,"href":"https:\/\/rilem.com.br\/index.php?rest_route=%2Fwp%2Fv2%2Fcomments&post=1466"}],"version-history":[{"count":8,"href":"https:\/\/rilem.com.br\/index.php?rest_route=\/wp\/v2\/pages\/1466\/revisions"}],"predecessor-version":[{"id":1556,"href":"https:\/\/rilem.com.br\/index.php?rest_route=\/wp\/v2\/pages\/1466\/revisions\/1556"}],"wp:attachment":[{"href":"https:\/\/rilem.com.br\/index.php?rest_route=%2Fwp%2Fv2%2Fmedia&parent=1466"}],"curies":[{"name":"wp","href":"https:\/\/api.w.org\/{rel}","templated":true}]}}